{"id":709,"date":"2020-02-10T17:36:33","date_gmt":"2020-02-10T16:36:33","guid":{"rendered":"http:\/\/selfdefense-lorient.com\/?page_id=709"},"modified":"2025-12-01T14:34:26","modified_gmt":"2025-12-01T13:34:26","slug":"les-stages","status":"publish","type":"page","link":"https:\/\/selfdefense-lorient.com\/index.php\/les-stages\/","title":{"rendered":"Les stages"},"content":{"rendered":"\n<div class=\"wp-block-media-text is-stacked-on-mobile\"><figure class=\"wp-block-media-text__media\"><img loading=\"lazy\" decoding=\"async\" width=\"722\" height=\"1024\" src=\"https:\/\/selfdefense-lorient.com\/wp-content\/uploads\/2025\/10\/IMG_5461-722x1024.jpg\" alt=\"\" class=\"wp-image-1439 size-full\" srcset=\"https:\/\/selfdefense-lorient.com\/wp-content\/uploads\/2025\/10\/IMG_5461-722x1024.jpg 722w, https:\/\/selfdefense-lorient.com\/wp-content\/uploads\/2025\/10\/IMG_5461-211x300.jpg 211w, https:\/\/selfdefense-lorient.com\/wp-content\/uploads\/2025\/10\/IMG_5461-768x1090.jpg 768w, https:\/\/selfdefense-lorient.com\/wp-content\/uploads\/2025\/10\/IMG_5461-1082x1536.jpg 1082w, https:\/\/selfdefense-lorient.com\/wp-content\/uploads\/2025\/10\/IMG_5461.jpg 1155w\" sizes=\"auto, (max-width: 722px) 100vw, 722px\" \/><\/figure><div class=\"wp-block-media-text__content\">\n<p><strong><em>Les bons r\u00e9flexes face \u00e0 l&rsquo;agression<\/em><\/strong><\/p>\n<\/div><\/div>\n\n\n\n<div class=\"wp-block-media-text has-media-on-the-right is-stacked-on-mobile\" style=\"grid-template-columns:auto 69%\"><div class=\"wp-block-media-text__content\">\n<p><strong><em>ASMA 56<\/em><\/strong><\/p>\n\n\n\n<p><strong><em>novembre 2025<\/em><\/strong><\/p>\n\n\n\n<p><strong><em>Initiation wing tsun &amp; self &#8211; d\u00e9fense<\/em><\/strong><\/p>\n<\/div><figure class=\"wp-block-media-text__media\"><img loading=\"lazy\" decoding=\"async\" width=\"640\" height=\"480\" src=\"https:\/\/selfdefense-lorient.com\/wp-content\/uploads\/2025\/12\/IMG_7574-4.jpg\" alt=\"\" class=\"wp-image-1448 size-full\" srcset=\"https:\/\/selfdefense-lorient.com\/wp-content\/uploads\/2025\/12\/IMG_7574-4.jpg 640w, https:\/\/selfdefense-lorient.com\/wp-content\/uploads\/2025\/12\/IMG_7574-4-300x225.jpg 300w\" sizes=\"auto, (max-width: 640px) 100vw, 640px\" \/><\/figure><\/div>\n\n\n\n<div class=\"wp-block-media-text is-stacked-on-mobile\" style=\"grid-template-columns:69% auto\"><figure class=\"wp-block-media-text__media\"><img loading=\"lazy\" decoding=\"async\" width=\"1024\" height=\"683\" src=\"https:\/\/selfdefense-lorient.com\/wp-content\/uploads\/2025\/03\/IMG_1938-1024x683.jpeg\" alt=\"\" class=\"wp-image-1264 size-full\" srcset=\"https:\/\/selfdefense-lorient.com\/wp-content\/uploads\/2025\/03\/IMG_1938-1024x683.jpeg 1024w, https:\/\/selfdefense-lorient.com\/wp-content\/uploads\/2025\/03\/IMG_1938-300x200.jpeg 300w, https:\/\/selfdefense-lorient.com\/wp-content\/uploads\/2025\/03\/IMG_1938-768x512.jpeg 768w, https:\/\/selfdefense-lorient.com\/wp-content\/uploads\/2025\/03\/IMG_1938-391x260.jpeg 391w, https:\/\/selfdefense-lorient.com\/wp-content\/uploads\/2025\/03\/IMG_1938-360x240.jpeg 360w, https:\/\/selfdefense-lorient.com\/wp-content\/uploads\/2025\/03\/IMG_1938-272x182.jpeg 272w, https:\/\/selfdefense-lorient.com\/wp-content\/uploads\/2025\/03\/IMG_1938.jpeg 1170w\" sizes=\"auto, (max-width: 1024px) 100vw, 1024px\" \/><\/figure><div class=\"wp-block-media-text__content\">\n<p><strong><em>\u00celot KERGAHER <\/em><\/strong><\/p>\n\n\n\n<p><strong><em> Mars 2025<\/em><\/strong><\/p>\n\n\n\n<p><strong><em>S\u00e9jour rupture<\/em><\/strong><\/p>\n<\/div><\/div>\n\n\n\n<div class=\"wp-block-media-text has-media-on-the-right is-stacked-on-mobile\"><div class=\"wp-block-media-text__content\">\n<p><strong><em>Violences d&rsquo;aujourd&rsquo;hui<\/em><\/strong>: <strong><em>Faire face aux agressions<\/em><\/strong><\/p>\n<\/div><figure class=\"wp-block-media-text__media\"><img loading=\"lazy\" decoding=\"async\" width=\"724\" height=\"1024\" src=\"https:\/\/selfdefense-lorient.com\/wp-content\/uploads\/2025\/02\/18-MAI-2025-1-724x1024.jpg\" alt=\"\" class=\"wp-image-1259 size-full\" srcset=\"https:\/\/selfdefense-lorient.com\/wp-content\/uploads\/2025\/02\/18-MAI-2025-1-724x1024.jpg 724w, https:\/\/selfdefense-lorient.com\/wp-content\/uploads\/2025\/02\/18-MAI-2025-1-212x300.jpg 212w, https:\/\/selfdefense-lorient.com\/wp-content\/uploads\/2025\/02\/18-MAI-2025-1-768x1087.jpg 768w, https:\/\/selfdefense-lorient.com\/wp-content\/uploads\/2025\/02\/18-MAI-2025-1-1085x1536.jpg 1085w, https:\/\/selfdefense-lorient.com\/wp-content\/uploads\/2025\/02\/18-MAI-2025-1.jpg 1447w\" sizes=\"auto, (max-width: 724px) 100vw, 724px\" \/><\/figure><\/div>\n\n\n\n<div class=\"wp-block-media-text is-stacked-on-mobile\" style=\"grid-template-columns:53% auto\"><figure class=\"wp-block-media-text__media\"><img loading=\"lazy\" decoding=\"async\" width=\"724\" height=\"1024\" src=\"https:\/\/selfdefense-lorient.com\/wp-content\/uploads\/2024\/09\/STAGE-17-NOVEMBRE-JPEG-724x1024.jpg\" alt=\"\" class=\"wp-image-1227 size-full\" srcset=\"https:\/\/selfdefense-lorient.com\/wp-content\/uploads\/2024\/09\/STAGE-17-NOVEMBRE-JPEG-724x1024.jpg 724w, https:\/\/selfdefense-lorient.com\/wp-content\/uploads\/2024\/09\/STAGE-17-NOVEMBRE-JPEG-212x300.jpg 212w, https:\/\/selfdefense-lorient.com\/wp-content\/uploads\/2024\/09\/STAGE-17-NOVEMBRE-JPEG-768x1086.jpg 768w, https:\/\/selfdefense-lorient.com\/wp-content\/uploads\/2024\/09\/STAGE-17-NOVEMBRE-JPEG-1086x1536.jpg 1086w, https:\/\/selfdefense-lorient.com\/wp-content\/uploads\/2024\/09\/STAGE-17-NOVEMBRE-JPEG.jpg 1131w\" sizes=\"auto, (max-width: 724px) 100vw, 724px\" \/><\/figure><div class=\"wp-block-media-text__content\">\n<p><strong><em>Sur le chemin de Ip Man<\/em><\/strong><\/p>\n<\/div><\/div>\n\n\n\n<div class=\"wp-block-media-text has-media-on-the-right is-stacked-on-mobile\" style=\"grid-template-columns:auto 55%\"><div class=\"wp-block-media-text__content\">\n<p><strong><em>Faire face aux agressions r\u00e9elles<\/em><\/strong><\/p>\n<\/div><figure class=\"wp-block-media-text__media\"><img loading=\"lazy\" decoding=\"async\" width=\"724\" height=\"1024\" src=\"https:\/\/selfdefense-lorient.com\/wp-content\/uploads\/2024\/07\/STAGE-8-SEPTEMBRE-Bon-1-724x1024.jpg\" alt=\"\" class=\"wp-image-1199 size-full\" srcset=\"https:\/\/selfdefense-lorient.com\/wp-content\/uploads\/2024\/07\/STAGE-8-SEPTEMBRE-Bon-1-724x1024.jpg 724w, https:\/\/selfdefense-lorient.com\/wp-content\/uploads\/2024\/07\/STAGE-8-SEPTEMBRE-Bon-1-212x300.jpg 212w, https:\/\/selfdefense-lorient.com\/wp-content\/uploads\/2024\/07\/STAGE-8-SEPTEMBRE-Bon-1-768x1087.jpg 768w, https:\/\/selfdefense-lorient.com\/wp-content\/uploads\/2024\/07\/STAGE-8-SEPTEMBRE-Bon-1-1085x1536.jpg 1085w, https:\/\/selfdefense-lorient.com\/wp-content\/uploads\/2024\/07\/STAGE-8-SEPTEMBRE-Bon-1.jpg 1447w\" sizes=\"auto, (max-width: 724px) 100vw, 724px\" \/><\/figure><\/div>\n\n\n\n<div class=\"wp-block-media-text is-stacked-on-mobile\" style=\"grid-template-columns:77% auto\"><figure class=\"wp-block-media-text__media\"><img loading=\"lazy\" decoding=\"async\" width=\"2298\" height=\"1366\" src=\"https:\/\/selfdefense-lorient.com\/wp-content\/uploads\/2024\/05\/IMG_9015.jpeg\" alt=\"\" class=\"wp-image-1136 size-full\" srcset=\"https:\/\/selfdefense-lorient.com\/wp-content\/uploads\/2024\/05\/IMG_9015.jpeg 2298w, https:\/\/selfdefense-lorient.com\/wp-content\/uploads\/2024\/05\/IMG_9015-300x178.jpeg 300w, https:\/\/selfdefense-lorient.com\/wp-content\/uploads\/2024\/05\/IMG_9015-1024x609.jpeg 1024w, https:\/\/selfdefense-lorient.com\/wp-content\/uploads\/2024\/05\/IMG_9015-768x457.jpeg 768w, https:\/\/selfdefense-lorient.com\/wp-content\/uploads\/2024\/05\/IMG_9015-1536x913.jpeg 1536w, https:\/\/selfdefense-lorient.com\/wp-content\/uploads\/2024\/05\/IMG_9015-2048x1217.jpeg 2048w\" sizes=\"auto, (max-width: 2298px) 100vw, 2298px\" \/><\/figure><div class=\"wp-block-media-text__content\">\n<p><strong><em>Quand l&rsquo;apprentissage et la bonne humeur se rencontrent !<\/em><\/strong><\/p>\n<\/div><\/div>\n\n\n\n<div class=\"wp-block-media-text has-media-on-the-right is-stacked-on-mobile\" style=\"grid-template-columns:auto 49%\"><div class=\"wp-block-media-text__content\">\n<p class=\"has-text-align-right\"><strong><em>Stage sp\u00e9cial agressions et violences urbaines<\/em><\/strong><\/p>\n<\/div><figure class=\"wp-block-media-text__media\"><img loading=\"lazy\" decoding=\"async\" width=\"727\" height=\"1024\" src=\"https:\/\/selfdefense-lorient.com\/wp-content\/uploads\/2024\/02\/IMG_8188-2-727x1024.jpeg\" alt=\"\" class=\"wp-image-1130 size-full\" srcset=\"https:\/\/selfdefense-lorient.com\/wp-content\/uploads\/2024\/02\/IMG_8188-2-727x1024.jpeg 727w, https:\/\/selfdefense-lorient.com\/wp-content\/uploads\/2024\/02\/IMG_8188-2-213x300.jpeg 213w, https:\/\/selfdefense-lorient.com\/wp-content\/uploads\/2024\/02\/IMG_8188-2-768x1082.jpeg 768w, https:\/\/selfdefense-lorient.com\/wp-content\/uploads\/2024\/02\/IMG_8188-2-1090x1536.jpeg 1090w, https:\/\/selfdefense-lorient.com\/wp-content\/uploads\/2024\/02\/IMG_8188-2.jpeg 1170w\" sizes=\"auto, (max-width: 727px) 100vw, 727px\" \/><\/figure><\/div>\n\n\n\n<div class=\"wp-block-media-text is-stacked-on-mobile\"><figure class=\"wp-block-media-text__media\"><img loading=\"lazy\" decoding=\"async\" width=\"768\" height=\"1024\" src=\"https:\/\/selfdefense-lorient.com\/wp-content\/uploads\/2024\/02\/97ce9745-1c68-4a2e-ace9-30f45a38dc961-4-768x1024.jpeg\" alt=\"\" class=\"wp-image-1108 size-full\" srcset=\"https:\/\/selfdefense-lorient.com\/wp-content\/uploads\/2024\/02\/97ce9745-1c68-4a2e-ace9-30f45a38dc961-4-768x1024.jpeg 768w, https:\/\/selfdefense-lorient.com\/wp-content\/uploads\/2024\/02\/97ce9745-1c68-4a2e-ace9-30f45a38dc961-4-225x300.jpeg 225w, https:\/\/selfdefense-lorient.com\/wp-content\/uploads\/2024\/02\/97ce9745-1c68-4a2e-ace9-30f45a38dc961-4-300x400.jpeg 300w, https:\/\/selfdefense-lorient.com\/wp-content\/uploads\/2024\/02\/97ce9745-1c68-4a2e-ace9-30f45a38dc961-4-1152x1536.jpeg 1152w, https:\/\/selfdefense-lorient.com\/wp-content\/uploads\/2024\/02\/97ce9745-1c68-4a2e-ace9-30f45a38dc961-4.jpeg 1530w\" sizes=\"auto, (max-width: 768px) 100vw, 768px\" \/><\/figure><div class=\"wp-block-media-text__content\">\n<p><em><strong>Intervention en milieu scolaire<\/strong><\/em><\/p>\n<\/div><\/div>\n\n\n\n<div style=\"height:29px\" aria-hidden=\"true\" class=\"wp-block-spacer\"><\/div>\n\n\n\n<div id=\"fb-root\"><\/div>\n<script async defer crossorigin=\"anonymous\" src=\"https:\/\/connect.facebook.net\/fr_FR\/sdk.js#xfbml=1&#038;version=v19.0&#038;appId=173957669698489\" nonce=\"exNX4F2W\"><\/script>\n\n\n\n<div class=\"fb-video\" data-href=\"https:\/\/fb.watch\/q4qgVwSEOq\/\" data-width=\"500\" data-show-text=\"false\"><blockquote cite=\"https:\/\/www.facebook.com\/ouestfrance.lorient\/videos\/699865722328495\/\" class=\"fb-xfbml-parse-ignore\"><a href=\"https:\/\/www.facebook.com\/ouestfrance.lorient\/videos\/699865722328495\/\">\u00c0 Lorient, les \u00e9l\u00e8ves du lyc\u00e9e Colbert s&#039;initient au self-d\u00e9fense<\/a><p>Youenn Postollec, professeur de kung-fu \u00e0 Pl\u0153meur, a enseign\u00e9 \u00e0 des \u00e9l\u00e8ves du lyc\u00e9e Colbert \u00e0 Lorient les rudiments du self-d\u00e9fense.<\/p>Publi\u00e9e par <a href=\"https:\/\/www.facebook.com\/ouestfrance.lorient\">Ouest-France Lorient<\/a> sur Mardi 6 f\u00e9vrier 2024<\/blockquote><\/div>\n\n\n\n<div style=\"height:29px\" aria-hidden=\"true\" class=\"wp-block-spacer\"><\/div>\n\n\n\n<div class=\"wp-block-media-text has-media-on-the-right is-stacked-on-mobile\" style=\"grid-template-columns:auto 77%\"><div class=\"wp-block-media-text__content\">\n<p><em><strong>Stage pleine nature<\/strong><\/em><\/p>\n<\/div><figure class=\"wp-block-media-text__media\"><img loading=\"lazy\" decoding=\"async\" width=\"1024\" height=\"576\" src=\"https:\/\/selfdefense-lorient.com\/wp-content\/uploads\/2022\/06\/IMG_3384-1024x576.jpg\" alt=\"\" class=\"wp-image-783 size-full\" srcset=\"https:\/\/selfdefense-lorient.com\/wp-content\/uploads\/2022\/06\/IMG_3384-1024x576.jpg 1024w, https:\/\/selfdefense-lorient.com\/wp-content\/uploads\/2022\/06\/IMG_3384-300x169.jpg 300w, https:\/\/selfdefense-lorient.com\/wp-content\/uploads\/2022\/06\/IMG_3384-768x432.jpg 768w, https:\/\/selfdefense-lorient.com\/wp-content\/uploads\/2022\/06\/IMG_3384-1536x864.jpg 1536w, https:\/\/selfdefense-lorient.com\/wp-content\/uploads\/2022\/06\/IMG_3384-2048x1152.jpg 2048w\" sizes=\"auto, (max-width: 1024px) 100vw, 1024px\" \/><\/figure><\/div>\n","protected":false},"excerpt":{"rendered":"<p>Les bons r\u00e9flexes face \u00e0 l&rsquo;agression ASMA 56 novembre 2025 Initiation wing tsun &amp; self &#8211; d\u00e9fense \u00celot KERGAHER Mars 2025 S\u00e9jour rupture Violences d&rsquo;aujourd&rsquo;hui: Faire face aux agressions Sur le chemin de Ip Man Faire face aux agressions r\u00e9elles Quand l&rsquo;apprentissage et la bonne humeur se rencontrent ! Stage [&hellip;]<\/p>\n","protected":false},"author":1,"featured_media":669,"parent":0,"menu_order":0,"comment_status":"closed","ping_status":"closed","template":"","meta":{"footnotes":""},"class_list":["post-709","page","type-page","status-publish","has-post-thumbnail","hentry"],"yoast_head":"<!-- This site is optimized with the Yoast SEO plugin v27.1.1 - https:\/\/yoast.com\/product\/yoast-seo-wordpress\/ -->\n<title>Les stages - SELF-DEFENSE LORIENT<\/title>\n<meta name=\"description\" content=\"Des stages de self-d\u00e9fense Wing Tsun Kung Fu \u00e0 Ploemeur, inscrivez-vous d\u00e8s maintenant !\" \/>\n<meta name=\"robots\" content=\"index, follow, max-snippet:-1, max-image-preview:large, max-video-preview:-1\" \/>\n<link rel=\"canonical\" href=\"https:\/\/selfdefense-lorient.com\/index.php\/les-stages\/\" \/>\n<meta property=\"og:locale\" content=\"fr_FR\" \/>\n<meta property=\"og:type\" content=\"article\" \/>\n<meta property=\"og:title\" content=\"Les stages - SELF-DEFENSE LORIENT\" \/>\n<meta property=\"og:description\" content=\"Des stages de self-d\u00e9fense Wing Tsun Kung Fu \u00e0 Ploemeur, inscrivez-vous d\u00e8s maintenant !\" \/>\n<meta property=\"og:url\" content=\"https:\/\/selfdefense-lorient.com\/index.php\/les-stages\/\" \/>\n<meta property=\"og:site_name\" content=\"SELF-DEFENSE LORIENT\" \/>\n<meta property=\"article:publisher\" content=\"https:\/\/www.facebook.com\/selfdefenselorient\/\" \/>\n<meta property=\"article:modified_time\" content=\"2025-12-01T13:34:26+00:00\" \/>\n<meta property=\"og:image\" content=\"https:\/\/selfdefense-lorient.com\/wp-content\/uploads\/2019\/09\/IMG_7271-e1656165245556.jpg\" \/>\n\t<meta property=\"og:image:width\" content=\"4237\" \/>\n\t<meta property=\"og:image:height\" content=\"1186\" \/>\n\t<meta property=\"og:image:type\" content=\"image\/jpeg\" \/>\n<meta name=\"twitter:card\" content=\"summary_large_image\" \/>\n<meta name=\"twitter:label1\" content=\"Dur\u00e9e de lecture estim\u00e9e\" \/>\n\t<meta name=\"twitter:data1\" content=\"3 minutes\" \/>\n<script type=\"application\/ld+json\" class=\"yoast-schema-graph\">{\"@context\":\"https:\/\/schema.org\",\"@graph\":[{\"@type\":\"WebPage\",\"@id\":\"https:\/\/selfdefense-lorient.com\/index.php\/les-stages\/\",\"url\":\"https:\/\/selfdefense-lorient.com\/index.php\/les-stages\/\",\"name\":\"Les stages - SELF-DEFENSE LORIENT\",\"isPartOf\":{\"@id\":\"https:\/\/selfdefense-lorient.com\/#website\"},\"primaryImageOfPage\":{\"@id\":\"https:\/\/selfdefense-lorient.com\/index.php\/les-stages\/#primaryimage\"},\"image\":{\"@id\":\"https:\/\/selfdefense-lorient.com\/index.php\/les-stages\/#primaryimage\"},\"thumbnailUrl\":\"https:\/\/selfdefense-lorient.com\/wp-content\/uploads\/2019\/09\/IMG_7271-e1656165245556.jpg\",\"datePublished\":\"2020-02-10T16:36:33+00:00\",\"dateModified\":\"2025-12-01T13:34:26+00:00\",\"description\":\"Des stages de self-d\u00e9fense Wing Tsun Kung Fu \u00e0 Ploemeur, inscrivez-vous d\u00e8s maintenant !\",\"breadcrumb\":{\"@id\":\"https:\/\/selfdefense-lorient.com\/index.php\/les-stages\/#breadcrumb\"},\"inLanguage\":\"fr-FR\",\"potentialAction\":[{\"@type\":\"ReadAction\",\"target\":[\"https:\/\/selfdefense-lorient.com\/index.php\/les-stages\/\"]}]},{\"@type\":\"ImageObject\",\"inLanguage\":\"fr-FR\",\"@id\":\"https:\/\/selfdefense-lorient.com\/index.php\/les-stages\/#primaryimage\",\"url\":\"https:\/\/selfdefense-lorient.com\/wp-content\/uploads\/2019\/09\/IMG_7271-e1656165245556.jpg\",\"contentUrl\":\"https:\/\/selfdefense-lorient.com\/wp-content\/uploads\/2019\/09\/IMG_7271-e1656165245556.jpg\",\"width\":4237,\"height\":1186,\"caption\":\"SELF DEFENSE LORIENT WING TSUN ACTUS\"},{\"@type\":\"BreadcrumbList\",\"@id\":\"https:\/\/selfdefense-lorient.com\/index.php\/les-stages\/#breadcrumb\",\"itemListElement\":[{\"@type\":\"ListItem\",\"position\":1,\"name\":\"Accueil\",\"item\":\"https:\/\/selfdefense-lorient.com\/\"},{\"@type\":\"ListItem\",\"position\":2,\"name\":\"Les stages\"}]},{\"@type\":\"WebSite\",\"@id\":\"https:\/\/selfdefense-lorient.com\/#website\",\"url\":\"https:\/\/selfdefense-lorient.com\/\",\"name\":\"SELF-DEFENSE LORIENT\",\"description\":\"WingTsun . Kung-Fu\",\"publisher\":{\"@id\":\"https:\/\/selfdefense-lorient.com\/#organization\"},\"potentialAction\":[{\"@type\":\"SearchAction\",\"target\":{\"@type\":\"EntryPoint\",\"urlTemplate\":\"https:\/\/selfdefense-lorient.com\/?s={search_term_string}\"},\"query-input\":{\"@type\":\"PropertyValueSpecification\",\"valueRequired\":true,\"valueName\":\"search_term_string\"}}],\"inLanguage\":\"fr-FR\"},{\"@type\":\"Organization\",\"@id\":\"https:\/\/selfdefense-lorient.com\/#organization\",\"name\":\"SELF-DEFENSE LORIENT\",\"url\":\"https:\/\/selfdefense-lorient.com\/\",\"logo\":{\"@type\":\"ImageObject\",\"inLanguage\":\"fr-FR\",\"@id\":\"https:\/\/selfdefense-lorient.com\/#\/schema\/logo\/image\/\",\"url\":\"https:\/\/selfdefense-lorient.com\/wp-content\/uploads\/2018\/10\/cropped-logo-selfdefense-NOIR-fond-transp.png\",\"contentUrl\":\"https:\/\/selfdefense-lorient.com\/wp-content\/uploads\/2018\/10\/cropped-logo-selfdefense-NOIR-fond-transp.png\",\"width\":11811,\"height\":5058,\"caption\":\"SELF-DEFENSE LORIENT\"},\"image\":{\"@id\":\"https:\/\/selfdefense-lorient.com\/#\/schema\/logo\/image\/\"},\"sameAs\":[\"https:\/\/www.facebook.com\/selfdefenselorient\/\"]}]}<\/script>\n<!-- \/ Yoast SEO plugin. -->","yoast_head_json":{"title":"Les stages - SELF-DEFENSE LORIENT","description":"Des stages de self-d\u00e9fense Wing Tsun Kung Fu \u00e0 Ploemeur, inscrivez-vous d\u00e8s maintenant !","robots":{"index":"index","follow":"follow","max-snippet":"max-snippet:-1","max-image-preview":"max-image-preview:large","max-video-preview":"max-video-preview:-1"},"canonical":"https:\/\/selfdefense-lorient.com\/index.php\/les-stages\/","og_locale":"fr_FR","og_type":"article","og_title":"Les stages - SELF-DEFENSE LORIENT","og_description":"Des stages de self-d\u00e9fense Wing Tsun Kung Fu \u00e0 Ploemeur, inscrivez-vous d\u00e8s maintenant !","og_url":"https:\/\/selfdefense-lorient.com\/index.php\/les-stages\/","og_site_name":"SELF-DEFENSE LORIENT","article_publisher":"https:\/\/www.facebook.com\/selfdefenselorient\/","article_modified_time":"2025-12-01T13:34:26+00:00","og_image":[{"width":4237,"height":1186,"url":"https:\/\/selfdefense-lorient.com\/wp-content\/uploads\/2019\/09\/IMG_7271-e1656165245556.jpg","type":"image\/jpeg"}],"twitter_card":"summary_large_image","twitter_misc":{"Dur\u00e9e de lecture estim\u00e9e":"3 minutes"},"schema":{"@context":"https:\/\/schema.org","@graph":[{"@type":"WebPage","@id":"https:\/\/selfdefense-lorient.com\/index.php\/les-stages\/","url":"https:\/\/selfdefense-lorient.com\/index.php\/les-stages\/","name":"Les stages - SELF-DEFENSE LORIENT","isPartOf":{"@id":"https:\/\/selfdefense-lorient.com\/#website"},"primaryImageOfPage":{"@id":"https:\/\/selfdefense-lorient.com\/index.php\/les-stages\/#primaryimage"},"image":{"@id":"https:\/\/selfdefense-lorient.com\/index.php\/les-stages\/#primaryimage"},"thumbnailUrl":"https:\/\/selfdefense-lorient.com\/wp-content\/uploads\/2019\/09\/IMG_7271-e1656165245556.jpg","datePublished":"2020-02-10T16:36:33+00:00","dateModified":"2025-12-01T13:34:26+00:00","description":"Des stages de self-d\u00e9fense Wing Tsun Kung Fu \u00e0 Ploemeur, inscrivez-vous d\u00e8s maintenant !","breadcrumb":{"@id":"https:\/\/selfdefense-lorient.com\/index.php\/les-stages\/#breadcrumb"},"inLanguage":"fr-FR","potentialAction":[{"@type":"ReadAction","target":["https:\/\/selfdefense-lorient.com\/index.php\/les-stages\/"]}]},{"@type":"ImageObject","inLanguage":"fr-FR","@id":"https:\/\/selfdefense-lorient.com\/index.php\/les-stages\/#primaryimage","url":"https:\/\/selfdefense-lorient.com\/wp-content\/uploads\/2019\/09\/IMG_7271-e1656165245556.jpg","contentUrl":"https:\/\/selfdefense-lorient.com\/wp-content\/uploads\/2019\/09\/IMG_7271-e1656165245556.jpg","width":4237,"height":1186,"caption":"SELF DEFENSE LORIENT WING TSUN ACTUS"},{"@type":"BreadcrumbList","@id":"https:\/\/selfdefense-lorient.com\/index.php\/les-stages\/#breadcrumb","itemListElement":[{"@type":"ListItem","position":1,"name":"Accueil","item":"https:\/\/selfdefense-lorient.com\/"},{"@type":"ListItem","position":2,"name":"Les stages"}]},{"@type":"WebSite","@id":"https:\/\/selfdefense-lorient.com\/#website","url":"https:\/\/selfdefense-lorient.com\/","name":"SELF-DEFENSE LORIENT","description":"WingTsun . Kung-Fu","publisher":{"@id":"https:\/\/selfdefense-lorient.com\/#organization"},"potentialAction":[{"@type":"SearchAction","target":{"@type":"EntryPoint","urlTemplate":"https:\/\/selfdefense-lorient.com\/?s={search_term_string}"},"query-input":{"@type":"PropertyValueSpecification","valueRequired":true,"valueName":"search_term_string"}}],"inLanguage":"fr-FR"},{"@type":"Organization","@id":"https:\/\/selfdefense-lorient.com\/#organization","name":"SELF-DEFENSE LORIENT","url":"https:\/\/selfdefense-lorient.com\/","logo":{"@type":"ImageObject","inLanguage":"fr-FR","@id":"https:\/\/selfdefense-lorient.com\/#\/schema\/logo\/image\/","url":"https:\/\/selfdefense-lorient.com\/wp-content\/uploads\/2018\/10\/cropped-logo-selfdefense-NOIR-fond-transp.png","contentUrl":"https:\/\/selfdefense-lorient.com\/wp-content\/uploads\/2018\/10\/cropped-logo-selfdefense-NOIR-fond-transp.png","width":11811,"height":5058,"caption":"SELF-DEFENSE LORIENT"},"image":{"@id":"https:\/\/selfdefense-lorient.com\/#\/schema\/logo\/image\/"},"sameAs":["https:\/\/www.facebook.com\/selfdefenselorient\/"]}]}},"_links":{"self":[{"href":"https:\/\/selfdefense-lorient.com\/index.php\/wp-json\/wp\/v2\/pages\/709","targetHints":{"allow":["GET"]}}],"collection":[{"href":"https:\/\/selfdefense-lorient.com\/index.php\/wp-json\/wp\/v2\/pages"}],"about":[{"href":"https:\/\/selfdefense-lorient.com\/index.php\/wp-json\/wp\/v2\/types\/page"}],"author":[{"embeddable":true,"href":"https:\/\/selfdefense-lorient.com\/index.php\/wp-json\/wp\/v2\/users\/1"}],"replies":[{"embeddable":true,"href":"https:\/\/selfdefense-lorient.com\/index.php\/wp-json\/wp\/v2\/comments?post=709"}],"version-history":[{"count":17,"href":"https:\/\/selfdefense-lorient.com\/index.php\/wp-json\/wp\/v2\/pages\/709\/revisions"}],"predecessor-version":[{"id":1449,"href":"https:\/\/selfdefense-lorient.com\/index.php\/wp-json\/wp\/v2\/pages\/709\/revisions\/1449"}],"wp:featuredmedia":[{"embeddable":true,"href":"https:\/\/selfdefense-lorient.com\/index.php\/wp-json\/wp\/v2\/media\/669"}],"wp:attachment":[{"href":"https:\/\/selfdefense-lorient.com\/index.php\/wp-json\/wp\/v2\/media?parent=709"}],"curies":[{"name":"wp","href":"https:\/\/api.w.org\/{rel}","templated":true}]}}