{"id":69,"date":"2018-09-19T17:02:13","date_gmt":"2018-09-19T15:02:13","guid":{"rendered":"http:\/\/selfdefense-lorient.com\/?page_id=69"},"modified":"2022-06-21T14:56:20","modified_gmt":"2022-06-21T12:56:20","slug":"accueil","status":"publish","type":"page","link":"https:\/\/selfdefense-lorient.com\/","title":{"rendered":"Accueil"},"content":{"rendered":"<div><\/div>\n","protected":false},"excerpt":{"rendered":"","protected":false},"author":1,"featured_media":0,"parent":0,"menu_order":0,"comment_status":"closed","ping_status":"closed","template":"","meta":{"footnotes":""},"class_list":["post-69","page","type-page","status-publish","hentry"],"yoast_head":"<!-- This site is optimized with the Yoast SEO plugin v27.6 - https:\/\/yoast.com\/product\/yoast-seo-wordpress\/ -->\n<title>SELF-DEFENSE LORIENT - WingTsun . Kung-Fu<\/title>\n<meta name=\"description\" content=\"SELF DEFENSE WING TSUN KUNG FU LORIENT. Apprenez \u00e0 vous d\u00e9fendre gr\u00e2ce au Wing Tsun, art martial accessible \u00e0 tous. Cours collectifs ou particuliers.\" \/>\n<meta name=\"robots\" content=\"index, follow, max-snippet:-1, max-image-preview:large, max-video-preview:-1\" \/>\n<link rel=\"canonical\" href=\"https:\/\/selfdefense-lorient.com\/\" \/>\n<meta property=\"og:locale\" content=\"fr_FR\" \/>\n<meta property=\"og:type\" content=\"article\" \/>\n<meta property=\"og:title\" content=\"SELF-DEFENSE LORIENT - WingTsun . Kung-Fu\" \/>\n<meta property=\"og:description\" content=\"SELF DEFENSE WING TSUN KUNG FU LORIENT. Apprenez \u00e0 vous d\u00e9fendre gr\u00e2ce au Wing Tsun, art martial accessible \u00e0 tous. Cours collectifs ou particuliers.\" \/>\n<meta property=\"og:url\" content=\"https:\/\/selfdefense-lorient.com\/\" \/>\n<meta property=\"og:site_name\" content=\"SELF-DEFENSE LORIENT\" \/>\n<meta property=\"article:publisher\" content=\"https:\/\/www.facebook.com\/selfdefenselorient\/\" \/>\n<meta property=\"article:modified_time\" content=\"2022-06-21T12:56:20+00:00\" \/>\n<meta name=\"twitter:card\" content=\"summary_large_image\" \/>\n<script type=\"application\/ld+json\" class=\"yoast-schema-graph\">{\"@context\":\"https:\\\/\\\/schema.org\",\"@graph\":[{\"@type\":\"WebPage\",\"@id\":\"https:\\\/\\\/selfdefense-lorient.com\\\/\",\"url\":\"https:\\\/\\\/selfdefense-lorient.com\\\/\",\"name\":\"SELF-DEFENSE LORIENT - WingTsun . Kung-Fu\",\"isPartOf\":{\"@id\":\"https:\\\/\\\/selfdefense-lorient.com\\\/#website\"},\"datePublished\":\"2018-09-19T15:02:13+00:00\",\"dateModified\":\"2022-06-21T12:56:20+00:00\",\"description\":\"SELF DEFENSE WING TSUN KUNG FU LORIENT. Apprenez \u00e0 vous d\u00e9fendre gr\u00e2ce au Wing Tsun, art martial accessible \u00e0 tous. Cours collectifs ou particuliers.\",\"breadcrumb\":{\"@id\":\"https:\\\/\\\/selfdefense-lorient.com\\\/#breadcrumb\"},\"inLanguage\":\"fr-FR\",\"potentialAction\":[{\"@type\":\"ReadAction\",\"target\":[\"https:\\\/\\\/selfdefense-lorient.com\\\/\"]}]},{\"@type\":\"BreadcrumbList\",\"@id\":\"https:\\\/\\\/selfdefense-lorient.com\\\/#breadcrumb\",\"itemListElement\":[{\"@type\":\"ListItem\",\"position\":1,\"name\":\"Accueil\",\"item\":\"https:\\\/\\\/selfdefense-lorient.com\\\/\"},{\"@type\":\"ListItem\",\"position\":2,\"name\":\"Accueil\"}]},{\"@type\":\"WebSite\",\"@id\":\"https:\\\/\\\/selfdefense-lorient.com\\\/#website\",\"url\":\"https:\\\/\\\/selfdefense-lorient.com\\\/\",\"name\":\"SELF-DEFENSE LORIENT\",\"description\":\"WingTsun . Kung-Fu\",\"publisher\":{\"@id\":\"https:\\\/\\\/selfdefense-lorient.com\\\/#organization\"},\"potentialAction\":[{\"@type\":\"SearchAction\",\"target\":{\"@type\":\"EntryPoint\",\"urlTemplate\":\"https:\\\/\\\/selfdefense-lorient.com\\\/?s={search_term_string}\"},\"query-input\":{\"@type\":\"PropertyValueSpecification\",\"valueRequired\":true,\"valueName\":\"search_term_string\"}}],\"inLanguage\":\"fr-FR\"},{\"@type\":\"Organization\",\"@id\":\"https:\\\/\\\/selfdefense-lorient.com\\\/#organization\",\"name\":\"SELF-DEFENSE LORIENT\",\"url\":\"https:\\\/\\\/selfdefense-lorient.com\\\/\",\"logo\":{\"@type\":\"ImageObject\",\"inLanguage\":\"fr-FR\",\"@id\":\"https:\\\/\\\/selfdefense-lorient.com\\\/#\\\/schema\\\/logo\\\/image\\\/\",\"url\":\"https:\\\/\\\/selfdefense-lorient.com\\\/wp-content\\\/uploads\\\/2018\\\/10\\\/cropped-logo-selfdefense-NOIR-fond-transp.png\",\"contentUrl\":\"https:\\\/\\\/selfdefense-lorient.com\\\/wp-content\\\/uploads\\\/2018\\\/10\\\/cropped-logo-selfdefense-NOIR-fond-transp.png\",\"width\":11811,\"height\":5058,\"caption\":\"SELF-DEFENSE LORIENT\"},\"image\":{\"@id\":\"https:\\\/\\\/selfdefense-lorient.com\\\/#\\\/schema\\\/logo\\\/image\\\/\"},\"sameAs\":[\"https:\\\/\\\/www.facebook.com\\\/selfdefenselorient\\\/\"]}]}<\/script>\n<!-- \/ Yoast SEO plugin. -->","yoast_head_json":{"title":"SELF-DEFENSE LORIENT - WingTsun . Kung-Fu","description":"SELF DEFENSE WING TSUN KUNG FU LORIENT. Apprenez \u00e0 vous d\u00e9fendre gr\u00e2ce au Wing Tsun, art martial accessible \u00e0 tous. Cours collectifs ou particuliers.","robots":{"index":"index","follow":"follow","max-snippet":"max-snippet:-1","max-image-preview":"max-image-preview:large","max-video-preview":"max-video-preview:-1"},"canonical":"https:\/\/selfdefense-lorient.com\/","og_locale":"fr_FR","og_type":"article","og_title":"SELF-DEFENSE LORIENT - WingTsun . Kung-Fu","og_description":"SELF DEFENSE WING TSUN KUNG FU LORIENT. Apprenez \u00e0 vous d\u00e9fendre gr\u00e2ce au Wing Tsun, art martial accessible \u00e0 tous. Cours collectifs ou particuliers.","og_url":"https:\/\/selfdefense-lorient.com\/","og_site_name":"SELF-DEFENSE LORIENT","article_publisher":"https:\/\/www.facebook.com\/selfdefenselorient\/","article_modified_time":"2022-06-21T12:56:20+00:00","twitter_card":"summary_large_image","schema":{"@context":"https:\/\/schema.org","@graph":[{"@type":"WebPage","@id":"https:\/\/selfdefense-lorient.com\/","url":"https:\/\/selfdefense-lorient.com\/","name":"SELF-DEFENSE LORIENT - WingTsun . Kung-Fu","isPartOf":{"@id":"https:\/\/selfdefense-lorient.com\/#website"},"datePublished":"2018-09-19T15:02:13+00:00","dateModified":"2022-06-21T12:56:20+00:00","description":"SELF DEFENSE WING TSUN KUNG FU LORIENT. Apprenez \u00e0 vous d\u00e9fendre gr\u00e2ce au Wing Tsun, art martial accessible \u00e0 tous. Cours collectifs ou particuliers.","breadcrumb":{"@id":"https:\/\/selfdefense-lorient.com\/#breadcrumb"},"inLanguage":"fr-FR","potentialAction":[{"@type":"ReadAction","target":["https:\/\/selfdefense-lorient.com\/"]}]},{"@type":"BreadcrumbList","@id":"https:\/\/selfdefense-lorient.com\/#breadcrumb","itemListElement":[{"@type":"ListItem","position":1,"name":"Accueil","item":"https:\/\/selfdefense-lorient.com\/"},{"@type":"ListItem","position":2,"name":"Accueil"}]},{"@type":"WebSite","@id":"https:\/\/selfdefense-lorient.com\/#website","url":"https:\/\/selfdefense-lorient.com\/","name":"SELF-DEFENSE LORIENT","description":"WingTsun . Kung-Fu","publisher":{"@id":"https:\/\/selfdefense-lorient.com\/#organization"},"potentialAction":[{"@type":"SearchAction","target":{"@type":"EntryPoint","urlTemplate":"https:\/\/selfdefense-lorient.com\/?s={search_term_string}"},"query-input":{"@type":"PropertyValueSpecification","valueRequired":true,"valueName":"search_term_string"}}],"inLanguage":"fr-FR"},{"@type":"Organization","@id":"https:\/\/selfdefense-lorient.com\/#organization","name":"SELF-DEFENSE LORIENT","url":"https:\/\/selfdefense-lorient.com\/","logo":{"@type":"ImageObject","inLanguage":"fr-FR","@id":"https:\/\/selfdefense-lorient.com\/#\/schema\/logo\/image\/","url":"https:\/\/selfdefense-lorient.com\/wp-content\/uploads\/2018\/10\/cropped-logo-selfdefense-NOIR-fond-transp.png","contentUrl":"https:\/\/selfdefense-lorient.com\/wp-content\/uploads\/2018\/10\/cropped-logo-selfdefense-NOIR-fond-transp.png","width":11811,"height":5058,"caption":"SELF-DEFENSE LORIENT"},"image":{"@id":"https:\/\/selfdefense-lorient.com\/#\/schema\/logo\/image\/"},"sameAs":["https:\/\/www.facebook.com\/selfdefenselorient\/"]}]}},"_links":{"self":[{"href":"https:\/\/selfdefense-lorient.com\/index.php\/wp-json\/wp\/v2\/pages\/69","targetHints":{"allow":["GET"]}}],"collection":[{"href":"https:\/\/selfdefense-lorient.com\/index.php\/wp-json\/wp\/v2\/pages"}],"about":[{"href":"https:\/\/selfdefense-lorient.com\/index.php\/wp-json\/wp\/v2\/types\/page"}],"author":[{"embeddable":true,"href":"https:\/\/selfdefense-lorient.com\/index.php\/wp-json\/wp\/v2\/users\/1"}],"replies":[{"embeddable":true,"href":"https:\/\/selfdefense-lorient.com\/index.php\/wp-json\/wp\/v2\/comments?post=69"}],"version-history":[{"count":0,"href":"https:\/\/selfdefense-lorient.com\/index.php\/wp-json\/wp\/v2\/pages\/69\/revisions"}],"wp:attachment":[{"href":"https:\/\/selfdefense-lorient.com\/index.php\/wp-json\/wp\/v2\/media?parent=69"}],"curies":[{"name":"wp","href":"https:\/\/api.w.org\/{rel}","templated":true}]}}