{"id":230,"date":"2018-09-27T11:30:30","date_gmt":"2018-09-27T09:30:30","guid":{"rendered":"http:\/\/selfdefense-lorient.com\/WP\/?page_id=230"},"modified":"2026-05-05T14:48:31","modified_gmt":"2026-05-05T12:48:31","slug":"tarifs","status":"publish","type":"page","link":"https:\/\/selfdefense-lorient.com\/index.php\/tarifs\/","title":{"rendered":"Tarifs"},"content":{"rendered":"<div id=\"pl-230\"  class=\"panel-layout\" ><div id=\"pg-230-0\"  class=\"panel-grid panel-no-style\" ><div id=\"pgc-230-0-0\"  class=\"panel-grid-cell panel-grid-cell-empty\" ><\/div><\/div><div id=\"pg-230-1\"  class=\"panel-grid panel-no-style\" ><div id=\"pgc-230-1-0\"  class=\"panel-grid-cell\" ><div id=\"panel-230-1-0-0\" class=\"widget_text so-panel widget widget_custom_html panel-first-child\" data-index=\"0\" ><div class=\"textwidget custom-html-widget\"><link href=\"https:\/\/fonts.googleapis.com\/css2?family=Cinzel:wght@600&display=swap\" rel=\"stylesheet\">\n<style>\n  body {\n    font-family: 'Georgia', serif;\n    font-size: 1.2rem;\n    line-height: 1.9;\n    color: #1f1f1f;\n    background: #f3f3f0;\n    padding: 40px 15px;\n    max-width: 900px;\n    margin: auto;\n  }\n\n  h2 {\n    font-family: 'Cinzel', serif;\n    font-size: 2.4rem;\n    text-align: center;\n    color: #7c113b;\n    text-transform: uppercase;\n    margin-bottom: 0.5rem;\n  }\n\n  .signe-chinois {\n    font-size: 1.8rem;\n    text-align: center;\n    color: #902c6c;\n    margin-bottom: 2rem;\n  }\n\n  h3 {\n    font-size: 1.8rem;\n    text-align: center;\n    margin-top: 3rem;\n    margin-bottom: 1rem;\n  }\n\n  .collectifs { color: #1b4f72; }\n  .infos { color: #000000; font-style: italic; font-family: 'Times New Roman', serif; }\n  .particuliers { color: #7e3f98; }\n  .annuels { color: #D4AF37; }\n\n  p {\n    margin-bottom: 1.5rem;\n  }\n\n  u {\n    font-weight: bold;\n  }\n\n  strong {\n    font-weight: bold;\n  }\n\n  @media (max-width: 600px) {\n    body {\n      font-size: 1rem;\n      padding: 20px 10px;\n    }\n    h2 { font-size: 1.6rem; }\n    h3 { font-size: 1.4rem; }\n  }\n<\/style>\n\n<h2>Tarifs Kung-Fu Wing Tsun & Self-D\u00e9fense<\/h2>\n<div class=\"signe-chinois\">\u9053<\/div>\n\n<h3 class=\"collectifs\">COURS COLLECTIFS (10 mois \u2013 de septembre \u00e0 juin)<\/h3>\n<p>\n\u2013 Offre d\u00e9couverte : 1er cours offert<br>\n\u2013 1 cours \/ semaine : 399\u20ac (39,90\u20ac\/mois)<br>\n\u2013 2 cours \/ semaine : 599\u20ac (59,90\u20ac\/mois)<br>\n\u2013 Mardi de 18h30 \u00e0 19h30 et\/ou de 19h30 \u00e0 20h30<br>\n\u2013 Formulaire d\u2019inscription t\u00e9l\u00e9chargeable en bas de la page\n<\/p>\n\n<h3 class=\"infos\">INFORMATIONS PRATIQUES<\/h3>\n<p>\n\u2013 Paiement uniquement par pr\u00e9l\u00e8vement mensuel automatique<br>\n\u2013 Sweat et T-shirt \u00e0 acheter chez Sports Ouest Equipements \u00e0 Lanester<br>\n\u2013 Pantalon de l\u2019\u00e9cole non impos\u00e9 (doit \u00eatre noir et confortable)<br>\n\u2013 Chaussures propres exclusivement r\u00e9serv\u00e9es \u00e0 l\u2019usage de la salle\n<\/p>\n\n<h3 class=\"particuliers\">COURS PARTICULIERS<\/h3>\n<p>\n<u>Formule<\/u><br>\n\u2013 \u00c0 l\u2019unit\u00e9 : 45 min \u2192 65\u20ac \/ 1h \u2192 70\u20ac<br>\n\u2013 Carte 5 cours : 45 min \u2192 299\u20ac \/ 1h \u2192 325\u20ac\n<\/p>\n\n<h3 class=\"annuels\">COURS PARTICULIERS ANNUELS (10 mois \u2013 de septembre \u00e0 juin)<\/h3>\n\n<p>\n<u>KUNG-FU WING TSUN TRADITIONNEL<\/u><br>\nArt martial chinois fluide et puissant. Pratiqu\u00e9 par la l\u00e9gende Bruce Lee, il allie rapidit\u00e9, r\u00e9flexes et adaptation. Un travail sp\u00e9cifique au mannequin de bois perfectionnera vos encha\u00eenements tout en d\u00e9veloppant une pr\u00e9cision irr\u00e9prochable.<br>\n\u2192 Individuel : 2490\u20ac (249\u20ac\/mois)<br>\n\u2192 Duo : 1790\u20ac \/ personne (179\u20ac\/mois)\n<\/p>\n\n<p>\n<u>SELF D\u00c9FENSE CIVILE & PROFESSIONNELLE<\/u><br>\nPr\u00e9parez-vous \u00e0 la r\u00e9alit\u00e9. Que vous soyez civil, agent hospitalier ou force de l'ordre, apprenez \u00e0 r\u00e9agir face aux agressions, menaces et violences inattendues. Vous aborderez des sc\u00e9narios concrets visant l'adaptation sous stress, afin de reprendre le contr\u00f4le et assurer votre s\u00e9curit\u00e9.<br>\n\u2192 Individuel : 2090\u20ac (209\u20ac\/mois)<br>\n\u2192 Duo : 1590\u20ac \/ personne (159\u20ac\/mois)\n<\/p>\n\n<p>\n<u>SELF D\u00c9FENSE F\u00c9MININE<\/u><br>\nDites STOP !! Face aux agressions sexuelles, violences conjugales, vol \u00e0 l'arrach\u00e9. Ne soyez plus une victime : r\u00e9agissez avec assurance aux pressions physiques et psychologiques, en soir\u00e9e, au travail, ou en milieu isol\u00e9. Ma\u00eetrisez vos \u00e9motions et reprenez le contr\u00f4le pour vous prot\u00e9ger.<br>\n\u2192 Individuel : 1990\u20ac (199\u20ac\/mois)<br>\n\u2192 Duo : 1490\u20ac \/ personne (149\u20ac\/mois)\n<\/p>\n\n<p>\n<u>SELF D\u00c9FENSE ENFANTS \/ ADOS<\/u><br>\nFaire face au harc\u00e8lement scolaire. Racket, moqueries, bousculades ! R\u00e9sistez aux intimidations, \u00e0 la pression du groupe et des inconnus. Renforcez votre confiance et ne laissez plus personne vous rabaisser.<br>\n\u2192 Individuel : 1990\u20ac (199\u20ac\/mois)<br>\n\u2192 Duo : 1390\u20ac \/ personne (139\u20ac\/mois)\n<\/p><\/div><\/div><div id=\"panel-230-1-0-1\" class=\"widget_text so-panel widget widget_custom_html\" data-index=\"1\" ><div class=\"textwidget custom-html-widget\"><p>Les cours particuliers annuels sont des cours d\u2019une heure. Ils ont lieu chaque semaine de septembre \u00e0 juin, hors vacances scolaires.<\/p><\/div><\/div><div id=\"panel-230-1-0-2\" class=\"so-panel widget widget_sow-editor\" data-index=\"2\" ><div\n\t\t\t\n\t\t\tclass=\"so-widget-sow-editor so-widget-sow-editor-base\"\n\t\t\t\n\t\t>\n<div class=\"siteorigin-widget-tinymce textwidget\">\n\t<h1 style=\"text-align: center;\"><strong>\u00a0COURS COLLECTIFS<\/strong><\/h1>\n<\/div>\n<\/div><\/div><div id=\"panel-230-1-0-3\" class=\"so-panel widget widget_sow-editor panel-last-child\" data-index=\"3\" ><div class=\"panel-widget-style panel-widget-style-for-230-1-0-3\" ><div\n\t\t\t\n\t\t\tclass=\"so-widget-sow-editor so-widget-sow-editor-base\"\n\t\t\t\n\t\t>\n<div class=\"siteorigin-widget-tinymce textwidget\">\n\t<h1 style=\"text-align: center;\"><span style=\"color: #ff0000;\"><strong>OFFRE D\u00c9COUVERTE<\/strong><\/span><\/h1>\n<p style=\"text-align: center;\"><strong><span style=\"color: #ffffff;\">Le premier cours vous est offert !<\/span><\/strong><\/p>\n<\/div>\n<\/div><\/div><\/div><\/div><\/div><div id=\"pg-230-2\"  class=\"panel-grid panel-no-style\" ><div id=\"pgc-230-2-0\"  class=\"panel-grid-cell panel-grid-cell-empty\" ><\/div><div id=\"pgc-230-2-1\"  class=\"panel-grid-cell panel-grid-cell-empty panel-grid-cell-mobile-last\" ><\/div><div id=\"pgc-230-2-2\"  class=\"panel-grid-cell panel-grid-cell-empty\" ><\/div><\/div><div id=\"pg-230-3\"  class=\"panel-grid panel-no-style\" ><div id=\"pgc-230-3-0\"  class=\"panel-grid-cell\" ><div id=\"panel-230-3-0-0\" class=\"so-panel widget widget_sow-image panel-first-child panel-last-child\" data-index=\"4\" ><div\n\t\t\t\n\t\t\tclass=\"so-widget-sow-image so-widget-sow-image-default-8b5b6f678277-230\"\n\t\t\t\n\t\t>\n<div class=\"sow-image-container\">\n\t\t<img \n\tsrc=\"https:\/\/selfdefense-lorient.com\/wp-content\/uploads\/2022\/06\/IMG_0861-scaled.jpg\" width=\"2560\" height=\"2560\" srcset=\"https:\/\/selfdefense-lorient.com\/wp-content\/uploads\/2022\/06\/IMG_0861-scaled.jpg 2560w, https:\/\/selfdefense-lorient.com\/wp-content\/uploads\/2022\/06\/IMG_0861-300x300.jpg 300w, https:\/\/selfdefense-lorient.com\/wp-content\/uploads\/2022\/06\/IMG_0861-1024x1024.jpg 1024w, https:\/\/selfdefense-lorient.com\/wp-content\/uploads\/2022\/06\/IMG_0861-150x150.jpg 150w, https:\/\/selfdefense-lorient.com\/wp-content\/uploads\/2022\/06\/IMG_0861-768x768.jpg 768w, https:\/\/selfdefense-lorient.com\/wp-content\/uploads\/2022\/06\/IMG_0861-1536x1536.jpg 1536w, https:\/\/selfdefense-lorient.com\/wp-content\/uploads\/2022\/06\/IMG_0861-2048x2048.jpg 2048w\" sizes=\"(max-width: 2560px) 100vw, 2560px\" title=\"IMG_0861\" alt=\"\" \t\tclass=\"so-widget-image\"\/>\n\t<\/div>\n\n<\/div><\/div><\/div><\/div><div id=\"pg-230-4\"  class=\"panel-grid panel-has-style\" ><div class=\"siteorigin-panels-stretch panel-row-style panel-row-style-for-230-4\" data-stretch-type=\"full-width-stretch\" ><div id=\"pgc-230-4-0\"  class=\"panel-grid-cell\" ><div id=\"panel-230-4-0-0\" class=\"so-panel widget widget_sow-editor panel-first-child\" data-index=\"5\" ><div class=\"panel-widget-style panel-widget-style-for-230-4-0-0\" ><div\n\t\t\t\n\t\t\tclass=\"so-widget-sow-editor so-widget-sow-editor-base\"\n\t\t\t\n\t\t>\n<div class=\"siteorigin-widget-tinymce textwidget\">\n\t<p style=\"text-align: center;\">L'\u00e9cole sera ferm\u00e9e durant les vacances scolaires<\/p>\n<p style=\"text-align: center;\"><strong>\u00a0\u00a0<\/strong><\/p>\n<p style=\"text-align: center;\"><strong><a href=\"https:\/\/selfdefense-lorient.com\/index.php\/formulaire-dinscription\/\" target=\"_blank\" rel=\"noopener\">\u00a0 FORMULAIRE D'INSCRIPTION<\/a><\/strong><\/p>\n<h1 style=\"text-align: center;\">\u2207<\/h1>\n<\/div>\n<\/div><\/div><\/div><div id=\"panel-230-4-0-1\" class=\"so-panel widget widget_sow-button\" data-index=\"6\" ><div class=\"panel-widget-style panel-widget-style-for-230-4-0-1\" ><div\n\t\t\t\n\t\t\tclass=\"so-widget-sow-button so-widget-sow-button-flat-0946fde54332-230\"\n\t\t\t\n\t\t><div class=\"ow-button-base ow-button-align-center\"\n>\n\t\t\t<a\n\t\t\t\t\thref=\"https:\/\/selfdefense-lorient.com\/index.php\/formulaire-dinscription\/\"\n\t\t\t\t\tclass=\"sowb-button ow-icon-placement-left ow-button-hover\" target=\"_blank\" rel=\"noopener noreferrer\" \t>\n\t\t<span>\n\t\t\t<span class=\"sow-icon-icomoon\" data-sow-icon=\"&#xe9c6;\"\n\t\tstyle=\"color: #000000\" \n\t\taria-hidden=\"true\"><\/span>\n\t\t\tS'inscrire ici \t\t<\/span>\n\t\t\t<\/a>\n\t<\/div>\n<\/div><\/div><\/div><div id=\"panel-230-4-0-2\" class=\"so-panel widget widget_sow-editor panel-last-child\" data-index=\"7\" ><div class=\"panel-widget-style panel-widget-style-for-230-4-0-2\" ><div\n\t\t\t\n\t\t\tclass=\"so-widget-sow-editor so-widget-sow-editor-base\"\n\t\t\t\n\t\t>\n<div class=\"siteorigin-widget-tinymce textwidget\">\n\t<p style=\"text-align: center;\"><strong>\u00a0\u00a0<\/strong><\/p>\n<p style=\"text-align: center;\"><strong>\u00a0 POUR CONSULTER LE REGLEMENT INTERIEUR,<a href=\"http:\/\/selfdefense-lorient.com\/index.php\/reglement-interieur-self-defense-lorient\/\">CLIQUEZ ICI <\/a><\/strong><strong><br \/>\n<\/strong><\/p>\n<\/div>\n<\/div><\/div><\/div><\/div><\/div><\/div><\/div>","protected":false},"excerpt":{"rendered":"<p>\u00a0COURS COLLECTIFS OFFRE D\u00c9COUVERTE Le premier cours vous est offert !<\/p>\n","protected":false},"author":1,"featured_media":772,"parent":0,"menu_order":0,"comment_status":"closed","ping_status":"closed","template":"","meta":{"footnotes":""},"class_list":["post-230","page","type-page","status-publish","has-post-thumbnail","hentry"],"yoast_head":"<!-- This site is optimized with the Yoast SEO plugin v27.6 - https:\/\/yoast.com\/product\/yoast-seo-wordpress\/ -->\n<title>SELF-DEFENSE LORIENT - Tarifs<\/title>\n<meta name=\"description\" content=\"SELF DEFENSE WING TSUN KUNG FU. Les tarifs - toutes les informations utiles pour vous inscrire. T\u00e9l\u00e9chargez le dossier d&#039;inscritpion\" \/>\n<meta name=\"robots\" content=\"index, follow, max-snippet:-1, max-image-preview:large, max-video-preview:-1\" \/>\n<link rel=\"canonical\" href=\"https:\/\/selfdefense-lorient.com\/index.php\/tarifs\/\" \/>\n<meta property=\"og:locale\" content=\"fr_FR\" \/>\n<meta property=\"og:type\" content=\"article\" \/>\n<meta property=\"og:title\" content=\"SELF-DEFENSE LORIENT - Tarifs\" \/>\n<meta property=\"og:description\" content=\"SELF DEFENSE WING TSUN KUNG FU. Les tarifs - toutes les informations utiles pour vous inscrire. T\u00e9l\u00e9chargez le dossier d&#039;inscritpion\" \/>\n<meta property=\"og:url\" content=\"https:\/\/selfdefense-lorient.com\/index.php\/tarifs\/\" \/>\n<meta property=\"og:site_name\" content=\"SELF-DEFENSE LORIENT\" \/>\n<meta property=\"article:publisher\" content=\"https:\/\/www.facebook.com\/selfdefenselorient\/\" \/>\n<meta property=\"article:modified_time\" content=\"2026-05-05T12:48:31+00:00\" \/>\n<meta property=\"og:image\" content=\"https:\/\/selfdefense-lorient.com\/wp-content\/uploads\/2022\/06\/IMG_0888-scaled.jpg\" \/>\n\t<meta property=\"og:image:width\" content=\"2560\" \/>\n\t<meta property=\"og:image:height\" content=\"1707\" \/>\n\t<meta property=\"og:image:type\" content=\"image\/jpeg\" \/>\n<meta name=\"twitter:card\" content=\"summary_large_image\" \/>\n<meta name=\"twitter:label1\" content=\"Dur\u00e9e de lecture estim\u00e9e\" \/>\n\t<meta name=\"twitter:data1\" content=\"3 minutes\" \/>\n<script type=\"application\/ld+json\" class=\"yoast-schema-graph\">{\"@context\":\"https:\\\/\\\/schema.org\",\"@graph\":[{\"@type\":\"WebPage\",\"@id\":\"https:\\\/\\\/selfdefense-lorient.com\\\/index.php\\\/tarifs\\\/\",\"url\":\"https:\\\/\\\/selfdefense-lorient.com\\\/index.php\\\/tarifs\\\/\",\"name\":\"SELF-DEFENSE LORIENT - Tarifs\",\"isPartOf\":{\"@id\":\"https:\\\/\\\/selfdefense-lorient.com\\\/#website\"},\"primaryImageOfPage\":{\"@id\":\"https:\\\/\\\/selfdefense-lorient.com\\\/index.php\\\/tarifs\\\/#primaryimage\"},\"image\":{\"@id\":\"https:\\\/\\\/selfdefense-lorient.com\\\/index.php\\\/tarifs\\\/#primaryimage\"},\"thumbnailUrl\":\"https:\\\/\\\/selfdefense-lorient.com\\\/wp-content\\\/uploads\\\/2022\\\/06\\\/IMG_0888-scaled.jpg\",\"datePublished\":\"2018-09-27T09:30:30+00:00\",\"dateModified\":\"2026-05-05T12:48:31+00:00\",\"description\":\"SELF DEFENSE WING TSUN KUNG FU. Les tarifs - toutes les informations utiles pour vous inscrire. T\u00e9l\u00e9chargez le dossier d'inscritpion\",\"breadcrumb\":{\"@id\":\"https:\\\/\\\/selfdefense-lorient.com\\\/index.php\\\/tarifs\\\/#breadcrumb\"},\"inLanguage\":\"fr-FR\",\"potentialAction\":[{\"@type\":\"ReadAction\",\"target\":[\"https:\\\/\\\/selfdefense-lorient.com\\\/index.php\\\/tarifs\\\/\"]}]},{\"@type\":\"ImageObject\",\"inLanguage\":\"fr-FR\",\"@id\":\"https:\\\/\\\/selfdefense-lorient.com\\\/index.php\\\/tarifs\\\/#primaryimage\",\"url\":\"https:\\\/\\\/selfdefense-lorient.com\\\/wp-content\\\/uploads\\\/2022\\\/06\\\/IMG_0888-scaled.jpg\",\"contentUrl\":\"https:\\\/\\\/selfdefense-lorient.com\\\/wp-content\\\/uploads\\\/2022\\\/06\\\/IMG_0888-scaled.jpg\",\"width\":2560,\"height\":1707},{\"@type\":\"BreadcrumbList\",\"@id\":\"https:\\\/\\\/selfdefense-lorient.com\\\/index.php\\\/tarifs\\\/#breadcrumb\",\"itemListElement\":[{\"@type\":\"ListItem\",\"position\":1,\"name\":\"Accueil\",\"item\":\"https:\\\/\\\/selfdefense-lorient.com\\\/\"},{\"@type\":\"ListItem\",\"position\":2,\"name\":\"Tarifs\"}]},{\"@type\":\"WebSite\",\"@id\":\"https:\\\/\\\/selfdefense-lorient.com\\\/#website\",\"url\":\"https:\\\/\\\/selfdefense-lorient.com\\\/\",\"name\":\"SELF-DEFENSE LORIENT\",\"description\":\"WingTsun . Kung-Fu\",\"publisher\":{\"@id\":\"https:\\\/\\\/selfdefense-lorient.com\\\/#organization\"},\"potentialAction\":[{\"@type\":\"SearchAction\",\"target\":{\"@type\":\"EntryPoint\",\"urlTemplate\":\"https:\\\/\\\/selfdefense-lorient.com\\\/?s={search_term_string}\"},\"query-input\":{\"@type\":\"PropertyValueSpecification\",\"valueRequired\":true,\"valueName\":\"search_term_string\"}}],\"inLanguage\":\"fr-FR\"},{\"@type\":\"Organization\",\"@id\":\"https:\\\/\\\/selfdefense-lorient.com\\\/#organization\",\"name\":\"SELF-DEFENSE LORIENT\",\"url\":\"https:\\\/\\\/selfdefense-lorient.com\\\/\",\"logo\":{\"@type\":\"ImageObject\",\"inLanguage\":\"fr-FR\",\"@id\":\"https:\\\/\\\/selfdefense-lorient.com\\\/#\\\/schema\\\/logo\\\/image\\\/\",\"url\":\"https:\\\/\\\/selfdefense-lorient.com\\\/wp-content\\\/uploads\\\/2018\\\/10\\\/cropped-logo-selfdefense-NOIR-fond-transp.png\",\"contentUrl\":\"https:\\\/\\\/selfdefense-lorient.com\\\/wp-content\\\/uploads\\\/2018\\\/10\\\/cropped-logo-selfdefense-NOIR-fond-transp.png\",\"width\":11811,\"height\":5058,\"caption\":\"SELF-DEFENSE LORIENT\"},\"image\":{\"@id\":\"https:\\\/\\\/selfdefense-lorient.com\\\/#\\\/schema\\\/logo\\\/image\\\/\"},\"sameAs\":[\"https:\\\/\\\/www.facebook.com\\\/selfdefenselorient\\\/\"]}]}<\/script>\n<!-- \/ Yoast SEO plugin. -->","yoast_head_json":{"title":"SELF-DEFENSE LORIENT - Tarifs","description":"SELF DEFENSE WING TSUN KUNG FU. Les tarifs - toutes les informations utiles pour vous inscrire. T\u00e9l\u00e9chargez le dossier d'inscritpion","robots":{"index":"index","follow":"follow","max-snippet":"max-snippet:-1","max-image-preview":"max-image-preview:large","max-video-preview":"max-video-preview:-1"},"canonical":"https:\/\/selfdefense-lorient.com\/index.php\/tarifs\/","og_locale":"fr_FR","og_type":"article","og_title":"SELF-DEFENSE LORIENT - Tarifs","og_description":"SELF DEFENSE WING TSUN KUNG FU. Les tarifs - toutes les informations utiles pour vous inscrire. T\u00e9l\u00e9chargez le dossier d'inscritpion","og_url":"https:\/\/selfdefense-lorient.com\/index.php\/tarifs\/","og_site_name":"SELF-DEFENSE LORIENT","article_publisher":"https:\/\/www.facebook.com\/selfdefenselorient\/","article_modified_time":"2026-05-05T12:48:31+00:00","og_image":[{"width":2560,"height":1707,"url":"https:\/\/selfdefense-lorient.com\/wp-content\/uploads\/2022\/06\/IMG_0888-scaled.jpg","type":"image\/jpeg"}],"twitter_card":"summary_large_image","twitter_misc":{"Dur\u00e9e de lecture estim\u00e9e":"3 minutes"},"schema":{"@context":"https:\/\/schema.org","@graph":[{"@type":"WebPage","@id":"https:\/\/selfdefense-lorient.com\/index.php\/tarifs\/","url":"https:\/\/selfdefense-lorient.com\/index.php\/tarifs\/","name":"SELF-DEFENSE LORIENT - Tarifs","isPartOf":{"@id":"https:\/\/selfdefense-lorient.com\/#website"},"primaryImageOfPage":{"@id":"https:\/\/selfdefense-lorient.com\/index.php\/tarifs\/#primaryimage"},"image":{"@id":"https:\/\/selfdefense-lorient.com\/index.php\/tarifs\/#primaryimage"},"thumbnailUrl":"https:\/\/selfdefense-lorient.com\/wp-content\/uploads\/2022\/06\/IMG_0888-scaled.jpg","datePublished":"2018-09-27T09:30:30+00:00","dateModified":"2026-05-05T12:48:31+00:00","description":"SELF DEFENSE WING TSUN KUNG FU. Les tarifs - toutes les informations utiles pour vous inscrire. T\u00e9l\u00e9chargez le dossier d'inscritpion","breadcrumb":{"@id":"https:\/\/selfdefense-lorient.com\/index.php\/tarifs\/#breadcrumb"},"inLanguage":"fr-FR","potentialAction":[{"@type":"ReadAction","target":["https:\/\/selfdefense-lorient.com\/index.php\/tarifs\/"]}]},{"@type":"ImageObject","inLanguage":"fr-FR","@id":"https:\/\/selfdefense-lorient.com\/index.php\/tarifs\/#primaryimage","url":"https:\/\/selfdefense-lorient.com\/wp-content\/uploads\/2022\/06\/IMG_0888-scaled.jpg","contentUrl":"https:\/\/selfdefense-lorient.com\/wp-content\/uploads\/2022\/06\/IMG_0888-scaled.jpg","width":2560,"height":1707},{"@type":"BreadcrumbList","@id":"https:\/\/selfdefense-lorient.com\/index.php\/tarifs\/#breadcrumb","itemListElement":[{"@type":"ListItem","position":1,"name":"Accueil","item":"https:\/\/selfdefense-lorient.com\/"},{"@type":"ListItem","position":2,"name":"Tarifs"}]},{"@type":"WebSite","@id":"https:\/\/selfdefense-lorient.com\/#website","url":"https:\/\/selfdefense-lorient.com\/","name":"SELF-DEFENSE LORIENT","description":"WingTsun . Kung-Fu","publisher":{"@id":"https:\/\/selfdefense-lorient.com\/#organization"},"potentialAction":[{"@type":"SearchAction","target":{"@type":"EntryPoint","urlTemplate":"https:\/\/selfdefense-lorient.com\/?s={search_term_string}"},"query-input":{"@type":"PropertyValueSpecification","valueRequired":true,"valueName":"search_term_string"}}],"inLanguage":"fr-FR"},{"@type":"Organization","@id":"https:\/\/selfdefense-lorient.com\/#organization","name":"SELF-DEFENSE LORIENT","url":"https:\/\/selfdefense-lorient.com\/","logo":{"@type":"ImageObject","inLanguage":"fr-FR","@id":"https:\/\/selfdefense-lorient.com\/#\/schema\/logo\/image\/","url":"https:\/\/selfdefense-lorient.com\/wp-content\/uploads\/2018\/10\/cropped-logo-selfdefense-NOIR-fond-transp.png","contentUrl":"https:\/\/selfdefense-lorient.com\/wp-content\/uploads\/2018\/10\/cropped-logo-selfdefense-NOIR-fond-transp.png","width":11811,"height":5058,"caption":"SELF-DEFENSE LORIENT"},"image":{"@id":"https:\/\/selfdefense-lorient.com\/#\/schema\/logo\/image\/"},"sameAs":["https:\/\/www.facebook.com\/selfdefenselorient\/"]}]}},"_links":{"self":[{"href":"https:\/\/selfdefense-lorient.com\/index.php\/wp-json\/wp\/v2\/pages\/230","targetHints":{"allow":["GET"]}}],"collection":[{"href":"https:\/\/selfdefense-lorient.com\/index.php\/wp-json\/wp\/v2\/pages"}],"about":[{"href":"https:\/\/selfdefense-lorient.com\/index.php\/wp-json\/wp\/v2\/types\/page"}],"author":[{"embeddable":true,"href":"https:\/\/selfdefense-lorient.com\/index.php\/wp-json\/wp\/v2\/users\/1"}],"replies":[{"embeddable":true,"href":"https:\/\/selfdefense-lorient.com\/index.php\/wp-json\/wp\/v2\/comments?post=230"}],"version-history":[{"count":2,"href":"https:\/\/selfdefense-lorient.com\/index.php\/wp-json\/wp\/v2\/pages\/230\/revisions"}],"predecessor-version":[{"id":1501,"href":"https:\/\/selfdefense-lorient.com\/index.php\/wp-json\/wp\/v2\/pages\/230\/revisions\/1501"}],"wp:featuredmedia":[{"embeddable":true,"href":"https:\/\/selfdefense-lorient.com\/index.php\/wp-json\/wp\/v2\/media\/772"}],"wp:attachment":[{"href":"https:\/\/selfdefense-lorient.com\/index.php\/wp-json\/wp\/v2\/media?parent=230"}],"curies":[{"name":"wp","href":"https:\/\/api.w.org\/{rel}","templated":true}]}}