{"id":1158,"date":"2024-06-25T16:12:47","date_gmt":"2024-06-25T14:12:47","guid":{"rendered":"http:\/\/selfdefense-lorient.com\/?page_id=1158"},"modified":"2026-05-07T16:09:46","modified_gmt":"2026-05-07T14:09:46","slug":"reglement-interieur-self-defense-lorient","status":"publish","type":"page","link":"https:\/\/selfdefense-lorient.com\/index.php\/reglement-interieur-self-defense-lorient\/","title":{"rendered":"R\u00e8gles essentielles (r\u00e9sum\u00e9)"},"content":{"rendered":"<div id=\"pl-gb1158-69fdd1342e916\"  class=\"panel-layout\" ><div id=\"pg-gb1158-69fdd1342e916-0\"  class=\"panel-grid panel-no-style\" ><div id=\"pgc-gb1158-69fdd1342e916-0-0\"  class=\"panel-grid-cell\" ><div id=\"panel-gb1158-69fdd1342e916-0-0-0\" class=\"so-panel widget widget_sow-editor panel-first-child\" data-index=\"0\" ><div class=\"panel-widget-style panel-widget-style-for-gb1158-69fdd1342e916-0-0-0\" ><div\n\t\t\t\n\t\t\tclass=\"so-widget-sow-editor so-widget-sow-editor-base\"\n\t\t\t\n\t\t>\n<div class=\"siteorigin-widget-tinymce textwidget\">\n\t<h2><strong>ENGAGEMENT DE L\u2019\u00c9L\u00c8VE \u2013 R\u00c8GLES ESSENTIELLES<\/strong><\/h2>\n<p>&nbsp;<\/p>\n<\/div>\n<\/div><\/div><\/div><div id=\"panel-gb1158-69fdd1342e916-0-0-1\" class=\"so-panel widget widget_sow-editor panel-last-child\" data-index=\"1\" ><div\n\t\t\t\n\t\t\tclass=\"so-widget-sow-editor so-widget-sow-editor-base\"\n\t\t\t\n\t\t>\n<div class=\"siteorigin-widget-tinymce textwidget\">\n\t<h3><span style=\"color: #000000;\"><strong>Cette page pr\u00e9sente un r\u00e9sum\u00e9 du r\u00e8glement int\u00e9rieur.<br \/>\nL&rsquo;\u00e9l\u00e8ve doit consulter le r\u00e8glement int\u00e9rieur complet dans l&rsquo;onglet Inscription.<\/strong><\/span><\/h3>\n<p>&nbsp;<\/p>\n<blockquote>\n<h4>L\u2019\u00e9l\u00e8ve s\u2019engage \u00e0 respecter le r\u00e8glement int\u00e9rieur dans son int\u00e9gralit\u00e9 tout au long de l\u2019ann\u00e9e.<\/h4>\n<\/blockquote>\n<p><span style=\"color: #800000;\"><strong>DROIT \u00c0 L\u2019IMAGE<\/strong><\/span><\/p>\n<p><span style=\"color: #000000;\">L\u2019\u00e9l\u00e8ve peut \u00eatre amen\u00e9 \u00e0 \u00eatre film\u00e9 ou pris en photo dans le cadre des activit\u00e9s au sein des cours ou stages de SELF-D\u00c9FENSE WING TSUN LORIENT.<\/span><br \/>\n<span style=\"color: #000000;\">L\u2019utilisation de l\u2019image de l\u2019\u00e9l\u00e8ve n\u00e9cessite son accord lors de l\u2019inscription.<\/span><br \/>\n<span style=\"color: #000000;\">SELF-D\u00c9FENSE WING TSUN LORIENT pourra faire usage des photographies et vid\u00e9os r\u00e9alis\u00e9es dans le cadre des cours, stages ou repr\u00e9sentations publiques pour les utilisations suivantes : site internet, r\u00e9seaux sociaux, presse, affiches, flyers, publicit\u00e9 et supports de communication de l\u2019\u00e9cole.<\/span><br \/>\n<span style=\"color: #000000;\">La Direction s\u2019interdit express\u00e9ment de proc\u00e9der \u00e0 une exploitation des photographies et vid\u00e9os susceptible de porter atteinte \u00e0 la vie priv\u00e9e ou \u00e0 la r\u00e9putation de l\u2019\u00e9l\u00e8ve, ni d\u2019utiliser les photographies objet de la pr\u00e9sente autorisation sur tout support \u00e0 caract\u00e8re pornographique, raciste, x\u00e9nophobe ou toute autre exploitation pr\u00e9judiciable.<\/span><br \/>\n<span style=\"color: #000000;\">Les photographies et vid\u00e9os r\u00e9alis\u00e9es dans ce cadre sont utilis\u00e9es sans contrepartie financi\u00e8re.<\/span><br \/>\n<span style=\"color: #000000;\">L\u2019\u00e9l\u00e8ve ne pourra pr\u00e9tendre \u00e0 aucune r\u00e9mun\u00e9ration du fait de l\u2019utilisation ou de la diffusion des photos et vid\u00e9os r\u00e9alis\u00e9es.<\/span><\/p>\n<p>&nbsp;<\/p>\n<p><span style=\"color: #800000;\"><strong>TENUE :<\/strong> <\/span><br \/>\n<span style=\"color: #000000;\">Les \u00e9l\u00e8ves majeurs et mineurs ont l\u2019obligation de se procurer la tenue officielle compl\u00e8te de l\u2019\u00e9cole chez Sports Ouest \u00c9quipements \u00e0 Lanester.<\/span><\/p>\n<p><strong><span style=\"color: #000000;\">Cette tenue comprend :<\/span><\/strong><br \/>\n<span style=\"color: #000000;\">* le sweat officiel de l\u2019\u00e9cole,<\/span><br \/>\n<span style=\"color: #000000;\">* le t-shirt officiel de l\u2019\u00e9cole,<\/span><br \/>\n<span style=\"color: #000000;\">* le pantalon noir officiel de l\u2019\u00e9cole.<\/span><\/p>\n<p><span style=\"color: #000000;\">La tenue officielle compl\u00e8te doit \u00eatre achet\u00e9e dans la semaine suivant l\u2019inscription.<\/span><br \/>\n<span style=\"color: #000000;\">Par respect des lieux, les chaussures de sport devront \u00eatre propres et r\u00e9serv\u00e9es exclusivement \u00e0 l\u2019usage de la salle pour tous les \u00e9l\u00e8ves.<\/span><br \/>\n<span style=\"color: #000000;\">Cette tenue est obligatoire et n\u2019est pas incluse dans les frais d\u2019inscription.<\/span><\/p>\n<p><span style=\"color: #800000;\"><strong>ATTESTATION \/ CERTIFICAT M\u00c9DICAL :<\/strong><\/span><\/p>\n<p><span style=\"color: #000000;\">L\u2019\u00e9l\u00e8ve d\u00e9clare, lors de son inscription, \u00eatre apte \u00e0 la pratique du kung-fu Wing Tsun et de la self-d\u00e9fense, sans contre-indication m\u00e9dicale connue, temporaire ou permanente, \u00e0 ce jour.<\/span><br \/>\n<span style=\"color: #000000;\">L\u2019\u00e9l\u00e8ve d\u00e9clare que son \u00e9tat de sant\u00e9 lui permet de pratiquer les activit\u00e9s sportives propos\u00e9es par SELF-D\u00c9FENSE WING TSUN LORIENT et plus particuli\u00e8rement d\u2019utiliser les services, mat\u00e9riels et installations apr\u00e8s avoir pris connaissance des consignes de s\u00e9curit\u00e9, d\u2019hygi\u00e8ne et d\u2019utilisation d\u00e9di\u00e9es \u00e0 l\u2019espace des cours.<\/span><br \/>\n<span style=\"color: #000000;\">L\u2019\u00e9l\u00e8ve d\u00e9clare ne pr\u00e9senter aucune blessure ou inaptitude physique de nature \u00e0 l\u2019emp\u00eacher de suivre les activit\u00e9s durant les cours.<\/span><br \/>\n<span style=\"color: #000000;\">Les personnes sujettes aux crises d\u2019\u00e9pilepsie ou autres pathologies susceptibles de complexifier l\u2019intervention des \u00e9quipes m\u00e9dicales et des sauveteurs doivent en informer express\u00e9ment SELF-D\u00c9FENSE WING TSUN LORIENT.<\/span><br \/>\n<span style=\"color: #000000;\">L\u2019\u00e9l\u00e8ve d\u00e9clare avoir \u00e9t\u00e9 inform\u00e9 et conna\u00eetre les risques li\u00e9s \u00e0 la pratique des activit\u00e9s sportives de SELF-D\u00c9FENSE WING TSUN LORIENT.<\/span><br \/>\n<span style=\"color: #000000;\">En tout \u00e9tat de cause, le pr\u00e9sent article n\u2019exon\u00e8re SELF-D\u00c9FENSE WING TSUN LORIENT d\u2019aucune de ses obligations d\u2019information et de conseil.<\/span><\/p>\n<p><span style=\"color: #800000;\"><strong>RESPONSABILIT\u00c9 CIVILE \/ DOMMAGE CORPOREL<\/strong><\/span><\/p>\n<p><span style=\"color: #000000;\">Le professeur est assur\u00e9 pour les dommages engageant sa responsabilit\u00e9 civile et celle de son personnel ainsi que celle de ses \u00e9l\u00e8ves, conform\u00e9ment \u00e0 l\u2019Article L.321-1 du Code du Sport. Cette assurance a pour objet de couvrir le professeur contre les cons\u00e9quences p\u00e9cuniaires de la responsabilit\u00e9 civile encourue au titre des dommages caus\u00e9s \u00e0 autrui du fait de l\u2019exploitation : dommages corporels et mat\u00e9riels.<\/span><\/p>\n<p><span style=\"color: #000000;\">De son c\u00f4t\u00e9, l\u2019\u00e9l\u00e8ve d\u00e9clare <strong>disposer d\u2019une assurance Responsabilit\u00e9 Civile vie priv\u00e9e<\/strong> en cours de validit\u00e9 couvrant la pratique des activit\u00e9s physiques et sportives propos\u00e9es par SELF-D\u00c9FENSE WING TSUN LORIENT.<\/span><br \/>\n<span style=\"color: #000000;\">Conform\u00e9ment \u00e0 l\u2019article L.321-4 du Code du Sport, SELF-D\u00c9FENSE WING TSUN LORIENT informe l\u2019\u00e9l\u00e8ve de l\u2019int\u00e9r\u00eat \u00e0 souscrire un contrat d\u2019assurance de personne.<\/span><br \/>\n<span style=\"color: #800000;\"><strong>S<span>\u00c9<\/span>CURIT<span>\u00c9<\/span> :<\/strong> <\/span><br \/>\n<span style=\"color: #000000;\">Tous les bijoux doivent \u00eatre enlev\u00e9s pour \u00e9viter tout risques de blessures ou de casse<\/span><\/p>\n<p><span style=\"color: #800000;\"><strong>PONCTUALIT\u00c9:<\/strong> <\/span><br \/>\n<span style=\"color: #000000;\">Les \u00e9l\u00e8ves doivent arriver 10 mn avant le d\u00e9but des cours<\/span><\/p>\n<p><span style=\"color: #800000;\"><strong>T\u00c9L\u00c9PHONE PORTABLE:<\/strong> <\/span><br \/>\n<span style=\"color: #000000;\">Tous les \u00e9l\u00e8ves doivent \u00e9teindre leur portable ou le param\u00e9trer en \u00ab\u00a0silencieux\u00a0\u00bb avant le d\u00e9but des cours.<\/span><\/p>\n<p><span style=\"color: #800000;\"><strong>PASSAGES DE GRADE :<\/strong> <\/span><br \/>\n<span style=\"color: #000000;\">Les \u00e9l\u00e8ves qui souhaitent se pr\u00e9senter aux passages de grade devront avoir un niveau pratique et th\u00e9orique suffisant et respecter l&rsquo;ensemble des r\u00e8gles ci-apr\u00e8s :<\/span><\/p>\n<p style=\"padding-left: 40px;\"><span style=\"color: #993300;\"><strong>* SAVOIR \u00caTRE :<\/strong><\/span> <span style=\"color: #000000;\">R\u00e8gles valables pour tous les \u00e9l\u00e8ves.<\/span><\/p>\n<p style=\"padding-left: 40px;\"><span style=\"color: #000000;\">&#8211; <strong>\u00catre \u00e0 l&rsquo;heure et pr\u00e9sents aux cours<\/strong>. L&rsquo;assiduit\u00e9 et la ponctualit\u00e9 sont indispensables. Montrer un comportement exemplaire \u00e0 l&rsquo;\u00e9gard de l&rsquo;instructeur et des autres \u00e9l\u00e8ves.<\/span><\/p>\n<p style=\"padding-left: 40px;\"><span style=\"color: #000000;\">&#8211; <strong>Respecter pr\u00e9cis\u00e9ment les consignes<\/strong> et les r\u00e8gles de s\u00e9curit\u00e9.<\/span><\/p>\n<p style=\"padding-left: 40px;\"><span style=\"color: #000000;\">&#8211; <strong>Faire preuve de solidarit\u00e9<\/strong> : Aider les \u00e9l\u00e8ves en difficult\u00e9 et participer \u00e0 la mise en place et au rangement du mat\u00e9riel.<\/span><\/p>\n<p><span style=\"color: #000000;\">* L\u2019\u00e9l\u00e8ve s\u2019engage \u00e0 adopter en toutes circonstances une attitude et une tenue correctes \u00e0 l\u2019\u00e9gard de tous et \u00e0 \u00e9tablir des relations bas\u00e9es sur le respect d\u2019autrui.<\/span><\/p>\n<blockquote>\n<p><span style=\"color: #000000;\"><strong>SELF DEFENSE WING TSUN LORIENT se r\u00e9serve le droit d\u2019exclure un \u00e9l\u00e8ve dont le comportement serait inappropri\u00e9 vis-\u00e0-vis de son professeur et\/ou d\u2019un autre \u00e9l\u00e8ve et\/ou nuirait manifestement \u00e0 la progression de son groupe.<\/strong><\/span><\/p>\n<\/blockquote>\n<p><span style=\"color: #000000;\">* L\u2019\u00e9l\u00e8ve s\u2019engage \u00e0<strong> souscrire \u00e0 une assurance responsabilit\u00e9 civile<\/strong> couvrant son activit\u00e9 tant lors du suivi des cours que lors des diverses manifestations\/\u00e9v\u00e8nements ext\u00e9rieurs.<\/span><\/p>\n<p><span style=\"color: #000000;\">* L\u2019\u00e9l\u00e8ve s\u2019engage \u00e0 \u00eatre <strong>assidu au cours,<\/strong> l\u2019assiduit\u00e9 \u00e9tant indispensable au progr\u00e8s de chaque \u00e9l\u00e8ve et au bon d\u00e9roulement des cours. Toute absence doit \u00eatre pr\u00e9alablement annonc\u00e9e au professeur.<\/span><\/p>\n<p><span style=\"color: #000000;\">* L\u2019inscription d\u2019un \u00e9l\u00e8ve n\u2019entra\u00eene pas obligatoirement sa participation aux spectacles publics.<\/span><\/p>\n<p><span style=\"color: #000000;\">* L\u2019\u00e9l\u00e8ve s\u2019engage \u00e0 <strong>ne pas fumer<\/strong> dans l\u2019enceinte de la salle de cours.<\/span><\/p>\n<p>&nbsp;<\/p>\n<\/div>\n<\/div><\/div><\/div><\/div><\/div>\n\n<div class=\"wp-block-image\">\n<figure class=\"aligncenter is-resized\"><img loading=\"lazy\" decoding=\"async\" width=\"1915\" height=\"2560\" src=\"https:\/\/selfdefense-lorient.com\/wp-content\/uploads\/2024\/08\/IMG_2024-scaled.jpeg\" alt=\"\" class=\"wp-image-1209\" style=\"width:486px;height:auto\" srcset=\"https:\/\/selfdefense-lorient.com\/wp-content\/uploads\/2024\/08\/IMG_2024-scaled.jpeg 1915w, https:\/\/selfdefense-lorient.com\/wp-content\/uploads\/2024\/08\/IMG_2024-224x300.jpeg 224w, https:\/\/selfdefense-lorient.com\/wp-content\/uploads\/2024\/08\/IMG_2024-766x1024.jpeg 766w, https:\/\/selfdefense-lorient.com\/wp-content\/uploads\/2024\/08\/IMG_2024-768x1027.jpeg 768w, https:\/\/selfdefense-lorient.com\/wp-content\/uploads\/2024\/08\/IMG_2024-300x400.jpeg 300w, https:\/\/selfdefense-lorient.com\/wp-content\/uploads\/2024\/08\/IMG_2024-1149x1536.jpeg 1149w, https:\/\/selfdefense-lorient.com\/wp-content\/uploads\/2024\/08\/IMG_2024-1532x2048.jpeg 1532w\" sizes=\"auto, (max-width: 1915px) 100vw, 1915px\" \/><\/figure>\n<\/div>","protected":false},"excerpt":{"rendered":"<p>ENGAGEMENT DE L\u2019\u00c9L\u00c8VE \u2013 R\u00c8GLES ESSENTIELLES &nbsp; Cette page pr\u00e9sente un r\u00e9sum\u00e9 du r\u00e8glement int\u00e9rieur. L&rsquo;\u00e9l\u00e8ve doit consulter le r\u00e8glement int\u00e9rieur complet dans l&rsquo;onglet Inscription. &nbsp; L\u2019\u00e9l\u00e8ve s\u2019engage \u00e0 respecter le r\u00e8glement int\u00e9rieur dans son int\u00e9gralit\u00e9 tout au long de l\u2019ann\u00e9e. DROIT \u00c0 L\u2019IMAGE L\u2019\u00e9l\u00e8ve peut \u00eatre amen\u00e9 \u00e0 \u00eatre [&hellip;]<\/p>\n","protected":false},"author":1,"featured_media":1068,"parent":0,"menu_order":0,"comment_status":"closed","ping_status":"closed","template":"","meta":{"footnotes":""},"class_list":["post-1158","page","type-page","status-publish","has-post-thumbnail","hentry"],"yoast_head":"<!-- This site is optimized with the Yoast SEO plugin v27.5 - https:\/\/yoast.com\/product\/yoast-seo-wordpress\/ -->\n<title>R\u00e8gles essentielles (r\u00e9sum\u00e9) - SELF-DEFENSE LORIENT<\/title>\n<meta name=\"robots\" content=\"index, follow, max-snippet:-1, max-image-preview:large, max-video-preview:-1\" \/>\n<link rel=\"canonical\" href=\"https:\/\/selfdefense-lorient.com\/index.php\/reglement-interieur-self-defense-lorient\/\" \/>\n<meta property=\"og:locale\" content=\"fr_FR\" \/>\n<meta property=\"og:type\" content=\"article\" \/>\n<meta property=\"og:title\" content=\"R\u00e8gles essentielles (r\u00e9sum\u00e9) - SELF-DEFENSE LORIENT\" \/>\n<meta property=\"og:description\" content=\"ENGAGEMENT DE L\u2019\u00c9L\u00c8VE \u2013 R\u00c8GLES ESSENTIELLES &nbsp; Cette page pr\u00e9sente un r\u00e9sum\u00e9 du r\u00e8glement int\u00e9rieur. L&#039;\u00e9l\u00e8ve doit consulter le r\u00e8glement int\u00e9rieur complet dans l&#039;onglet Inscription. &nbsp; L\u2019\u00e9l\u00e8ve s\u2019engage \u00e0 respecter le r\u00e8glement int\u00e9rieur dans son int\u00e9gralit\u00e9 tout au long de l\u2019ann\u00e9e. DROIT \u00c0 L\u2019IMAGE L\u2019\u00e9l\u00e8ve peut \u00eatre amen\u00e9 \u00e0 \u00eatre [&hellip;]\" \/>\n<meta property=\"og:url\" content=\"https:\/\/selfdefense-lorient.com\/index.php\/reglement-interieur-self-defense-lorient\/\" \/>\n<meta property=\"og:site_name\" content=\"SELF-DEFENSE LORIENT\" \/>\n<meta property=\"article:publisher\" content=\"https:\/\/www.facebook.com\/selfdefenselorient\/\" \/>\n<meta property=\"article:modified_time\" content=\"2026-05-07T14:09:46+00:00\" \/>\n<meta property=\"og:image\" content=\"https:\/\/selfdefense-lorient.com\/wp-content\/uploads\/2023\/09\/IMG_6375-scaled.jpg\" \/>\n\t<meta property=\"og:image:width\" content=\"2560\" \/>\n\t<meta property=\"og:image:height\" content=\"2560\" \/>\n\t<meta property=\"og:image:type\" content=\"image\/jpeg\" \/>\n<meta name=\"twitter:card\" content=\"summary_large_image\" \/>\n<meta name=\"twitter:label1\" content=\"Dur\u00e9e de lecture estim\u00e9e\" \/>\n\t<meta name=\"twitter:data1\" content=\"5 minutes\" \/>\n<script type=\"application\/ld+json\" class=\"yoast-schema-graph\">{\"@context\":\"https:\\\/\\\/schema.org\",\"@graph\":[{\"@type\":\"WebPage\",\"@id\":\"https:\\\/\\\/selfdefense-lorient.com\\\/index.php\\\/reglement-interieur-self-defense-lorient\\\/\",\"url\":\"https:\\\/\\\/selfdefense-lorient.com\\\/index.php\\\/reglement-interieur-self-defense-lorient\\\/\",\"name\":\"R\u00e8gles essentielles (r\u00e9sum\u00e9) - SELF-DEFENSE LORIENT\",\"isPartOf\":{\"@id\":\"https:\\\/\\\/selfdefense-lorient.com\\\/#website\"},\"primaryImageOfPage\":{\"@id\":\"https:\\\/\\\/selfdefense-lorient.com\\\/index.php\\\/reglement-interieur-self-defense-lorient\\\/#primaryimage\"},\"image\":{\"@id\":\"https:\\\/\\\/selfdefense-lorient.com\\\/index.php\\\/reglement-interieur-self-defense-lorient\\\/#primaryimage\"},\"thumbnailUrl\":\"https:\\\/\\\/selfdefense-lorient.com\\\/wp-content\\\/uploads\\\/2023\\\/09\\\/IMG_6375-scaled.jpg\",\"datePublished\":\"2024-06-25T14:12:47+00:00\",\"dateModified\":\"2026-05-07T14:09:46+00:00\",\"breadcrumb\":{\"@id\":\"https:\\\/\\\/selfdefense-lorient.com\\\/index.php\\\/reglement-interieur-self-defense-lorient\\\/#breadcrumb\"},\"inLanguage\":\"fr-FR\",\"potentialAction\":[{\"@type\":\"ReadAction\",\"target\":[\"https:\\\/\\\/selfdefense-lorient.com\\\/index.php\\\/reglement-interieur-self-defense-lorient\\\/\"]}]},{\"@type\":\"ImageObject\",\"inLanguage\":\"fr-FR\",\"@id\":\"https:\\\/\\\/selfdefense-lorient.com\\\/index.php\\\/reglement-interieur-self-defense-lorient\\\/#primaryimage\",\"url\":\"https:\\\/\\\/selfdefense-lorient.com\\\/wp-content\\\/uploads\\\/2023\\\/09\\\/IMG_6375-scaled.jpg\",\"contentUrl\":\"https:\\\/\\\/selfdefense-lorient.com\\\/wp-content\\\/uploads\\\/2023\\\/09\\\/IMG_6375-scaled.jpg\",\"width\":2560,\"height\":2560},{\"@type\":\"BreadcrumbList\",\"@id\":\"https:\\\/\\\/selfdefense-lorient.com\\\/index.php\\\/reglement-interieur-self-defense-lorient\\\/#breadcrumb\",\"itemListElement\":[{\"@type\":\"ListItem\",\"position\":1,\"name\":\"Accueil\",\"item\":\"https:\\\/\\\/selfdefense-lorient.com\\\/\"},{\"@type\":\"ListItem\",\"position\":2,\"name\":\"R\u00e8gles essentielles (r\u00e9sum\u00e9)\"}]},{\"@type\":\"WebSite\",\"@id\":\"https:\\\/\\\/selfdefense-lorient.com\\\/#website\",\"url\":\"https:\\\/\\\/selfdefense-lorient.com\\\/\",\"name\":\"SELF-DEFENSE LORIENT\",\"description\":\"WingTsun . Kung-Fu\",\"publisher\":{\"@id\":\"https:\\\/\\\/selfdefense-lorient.com\\\/#organization\"},\"potentialAction\":[{\"@type\":\"SearchAction\",\"target\":{\"@type\":\"EntryPoint\",\"urlTemplate\":\"https:\\\/\\\/selfdefense-lorient.com\\\/?s={search_term_string}\"},\"query-input\":{\"@type\":\"PropertyValueSpecification\",\"valueRequired\":true,\"valueName\":\"search_term_string\"}}],\"inLanguage\":\"fr-FR\"},{\"@type\":\"Organization\",\"@id\":\"https:\\\/\\\/selfdefense-lorient.com\\\/#organization\",\"name\":\"SELF-DEFENSE LORIENT\",\"url\":\"https:\\\/\\\/selfdefense-lorient.com\\\/\",\"logo\":{\"@type\":\"ImageObject\",\"inLanguage\":\"fr-FR\",\"@id\":\"https:\\\/\\\/selfdefense-lorient.com\\\/#\\\/schema\\\/logo\\\/image\\\/\",\"url\":\"https:\\\/\\\/selfdefense-lorient.com\\\/wp-content\\\/uploads\\\/2018\\\/10\\\/cropped-logo-selfdefense-NOIR-fond-transp.png\",\"contentUrl\":\"https:\\\/\\\/selfdefense-lorient.com\\\/wp-content\\\/uploads\\\/2018\\\/10\\\/cropped-logo-selfdefense-NOIR-fond-transp.png\",\"width\":11811,\"height\":5058,\"caption\":\"SELF-DEFENSE LORIENT\"},\"image\":{\"@id\":\"https:\\\/\\\/selfdefense-lorient.com\\\/#\\\/schema\\\/logo\\\/image\\\/\"},\"sameAs\":[\"https:\\\/\\\/www.facebook.com\\\/selfdefenselorient\\\/\"]}]}<\/script>\n<!-- \/ Yoast SEO plugin. -->","yoast_head_json":{"title":"R\u00e8gles essentielles (r\u00e9sum\u00e9) - SELF-DEFENSE LORIENT","robots":{"index":"index","follow":"follow","max-snippet":"max-snippet:-1","max-image-preview":"max-image-preview:large","max-video-preview":"max-video-preview:-1"},"canonical":"https:\/\/selfdefense-lorient.com\/index.php\/reglement-interieur-self-defense-lorient\/","og_locale":"fr_FR","og_type":"article","og_title":"R\u00e8gles essentielles (r\u00e9sum\u00e9) - SELF-DEFENSE LORIENT","og_description":"ENGAGEMENT DE L\u2019\u00c9L\u00c8VE \u2013 R\u00c8GLES ESSENTIELLES &nbsp; Cette page pr\u00e9sente un r\u00e9sum\u00e9 du r\u00e8glement int\u00e9rieur. L'\u00e9l\u00e8ve doit consulter le r\u00e8glement int\u00e9rieur complet dans l'onglet Inscription. &nbsp; L\u2019\u00e9l\u00e8ve s\u2019engage \u00e0 respecter le r\u00e8glement int\u00e9rieur dans son int\u00e9gralit\u00e9 tout au long de l\u2019ann\u00e9e. DROIT \u00c0 L\u2019IMAGE L\u2019\u00e9l\u00e8ve peut \u00eatre amen\u00e9 \u00e0 \u00eatre [&hellip;]","og_url":"https:\/\/selfdefense-lorient.com\/index.php\/reglement-interieur-self-defense-lorient\/","og_site_name":"SELF-DEFENSE LORIENT","article_publisher":"https:\/\/www.facebook.com\/selfdefenselorient\/","article_modified_time":"2026-05-07T14:09:46+00:00","og_image":[{"width":2560,"height":2560,"url":"https:\/\/selfdefense-lorient.com\/wp-content\/uploads\/2023\/09\/IMG_6375-scaled.jpg","type":"image\/jpeg"}],"twitter_card":"summary_large_image","twitter_misc":{"Dur\u00e9e de lecture estim\u00e9e":"5 minutes"},"schema":{"@context":"https:\/\/schema.org","@graph":[{"@type":"WebPage","@id":"https:\/\/selfdefense-lorient.com\/index.php\/reglement-interieur-self-defense-lorient\/","url":"https:\/\/selfdefense-lorient.com\/index.php\/reglement-interieur-self-defense-lorient\/","name":"R\u00e8gles essentielles (r\u00e9sum\u00e9) - SELF-DEFENSE LORIENT","isPartOf":{"@id":"https:\/\/selfdefense-lorient.com\/#website"},"primaryImageOfPage":{"@id":"https:\/\/selfdefense-lorient.com\/index.php\/reglement-interieur-self-defense-lorient\/#primaryimage"},"image":{"@id":"https:\/\/selfdefense-lorient.com\/index.php\/reglement-interieur-self-defense-lorient\/#primaryimage"},"thumbnailUrl":"https:\/\/selfdefense-lorient.com\/wp-content\/uploads\/2023\/09\/IMG_6375-scaled.jpg","datePublished":"2024-06-25T14:12:47+00:00","dateModified":"2026-05-07T14:09:46+00:00","breadcrumb":{"@id":"https:\/\/selfdefense-lorient.com\/index.php\/reglement-interieur-self-defense-lorient\/#breadcrumb"},"inLanguage":"fr-FR","potentialAction":[{"@type":"ReadAction","target":["https:\/\/selfdefense-lorient.com\/index.php\/reglement-interieur-self-defense-lorient\/"]}]},{"@type":"ImageObject","inLanguage":"fr-FR","@id":"https:\/\/selfdefense-lorient.com\/index.php\/reglement-interieur-self-defense-lorient\/#primaryimage","url":"https:\/\/selfdefense-lorient.com\/wp-content\/uploads\/2023\/09\/IMG_6375-scaled.jpg","contentUrl":"https:\/\/selfdefense-lorient.com\/wp-content\/uploads\/2023\/09\/IMG_6375-scaled.jpg","width":2560,"height":2560},{"@type":"BreadcrumbList","@id":"https:\/\/selfdefense-lorient.com\/index.php\/reglement-interieur-self-defense-lorient\/#breadcrumb","itemListElement":[{"@type":"ListItem","position":1,"name":"Accueil","item":"https:\/\/selfdefense-lorient.com\/"},{"@type":"ListItem","position":2,"name":"R\u00e8gles essentielles (r\u00e9sum\u00e9)"}]},{"@type":"WebSite","@id":"https:\/\/selfdefense-lorient.com\/#website","url":"https:\/\/selfdefense-lorient.com\/","name":"SELF-DEFENSE LORIENT","description":"WingTsun . Kung-Fu","publisher":{"@id":"https:\/\/selfdefense-lorient.com\/#organization"},"potentialAction":[{"@type":"SearchAction","target":{"@type":"EntryPoint","urlTemplate":"https:\/\/selfdefense-lorient.com\/?s={search_term_string}"},"query-input":{"@type":"PropertyValueSpecification","valueRequired":true,"valueName":"search_term_string"}}],"inLanguage":"fr-FR"},{"@type":"Organization","@id":"https:\/\/selfdefense-lorient.com\/#organization","name":"SELF-DEFENSE LORIENT","url":"https:\/\/selfdefense-lorient.com\/","logo":{"@type":"ImageObject","inLanguage":"fr-FR","@id":"https:\/\/selfdefense-lorient.com\/#\/schema\/logo\/image\/","url":"https:\/\/selfdefense-lorient.com\/wp-content\/uploads\/2018\/10\/cropped-logo-selfdefense-NOIR-fond-transp.png","contentUrl":"https:\/\/selfdefense-lorient.com\/wp-content\/uploads\/2018\/10\/cropped-logo-selfdefense-NOIR-fond-transp.png","width":11811,"height":5058,"caption":"SELF-DEFENSE LORIENT"},"image":{"@id":"https:\/\/selfdefense-lorient.com\/#\/schema\/logo\/image\/"},"sameAs":["https:\/\/www.facebook.com\/selfdefenselorient\/"]}]}},"_links":{"self":[{"href":"https:\/\/selfdefense-lorient.com\/index.php\/wp-json\/wp\/v2\/pages\/1158","targetHints":{"allow":["GET"]}}],"collection":[{"href":"https:\/\/selfdefense-lorient.com\/index.php\/wp-json\/wp\/v2\/pages"}],"about":[{"href":"https:\/\/selfdefense-lorient.com\/index.php\/wp-json\/wp\/v2\/types\/page"}],"author":[{"embeddable":true,"href":"https:\/\/selfdefense-lorient.com\/index.php\/wp-json\/wp\/v2\/users\/1"}],"replies":[{"embeddable":true,"href":"https:\/\/selfdefense-lorient.com\/index.php\/wp-json\/wp\/v2\/comments?post=1158"}],"version-history":[{"count":5,"href":"https:\/\/selfdefense-lorient.com\/index.php\/wp-json\/wp\/v2\/pages\/1158\/revisions"}],"predecessor-version":[{"id":1505,"href":"https:\/\/selfdefense-lorient.com\/index.php\/wp-json\/wp\/v2\/pages\/1158\/revisions\/1505"}],"wp:featuredmedia":[{"embeddable":true,"href":"https:\/\/selfdefense-lorient.com\/index.php\/wp-json\/wp\/v2\/media\/1068"}],"wp:attachment":[{"href":"https:\/\/selfdefense-lorient.com\/index.php\/wp-json\/wp\/v2\/media?parent=1158"}],"curies":[{"name":"wp","href":"https:\/\/api.w.org\/{rel}","templated":true}]}}